{"id":68,"date":"2025-04-14T14:30:40","date_gmt":"2025-04-14T14:30:40","guid":{"rendered":"https:\/\/telematch.ca\/?page_id=68"},"modified":"2025-07-21T13:57:12","modified_gmt":"2025-07-21T17:57:12","slug":"buy","status":"publish","type":"page","link":"https:\/\/telematch.ca\/fr\/buy\/","title":{"rendered":"Acheter du temps"},"content":{"rendered":"<h2 class=\"wp-block-heading alignwide has-text-align-center has-contrast-color has-text-color has-link-color has-x-large-font-size wp-elements-767b72d4bcfb2ac4cfa833fddf548271\" style=\"margin-top:var(--wp--preset--spacing--40);margin-bottom:var(--wp--preset--spacing--40);font-style:normal;font-weight:700\">Achetez du temps sur Telematch<\/h2>\n\n\n\n<div class=\"wp-block-columns alignwide are-vertically-aligned-top reverse-on-mobile is-layout-flex wp-container-core-columns-is-layout-1f5a0cdf wp-block-columns-is-layout-flex\" style=\"margin-top:0;margin-bottom:0;padding-top:0;padding-bottom:0\">\n<div class=\"wp-block-column is-layout-flow wp-block-column-is-layout-flow\">\n<iframe\n  id=\"buy-iframe\"\n  width=\"100%\"\n  height=\"1260px\"\n  style=\"border: none;\"\n  loading=\"eager\"\n><\/iframe>\n\n<script>\n  document.addEventListener('DOMContentLoaded', function () {\n    const citycode = localStorage.getItem('cityCode') || '';\n    const iframe = document.getElementById('buy-iframe');\n    iframe.src = `https:\/\/secure.telematch.ca\/buy\/${encodeURIComponent(citycode)}`;\n  });\n\n  window.addEventListener('message', function (event) {\n    const iframe = document.getElementById('buy-iframe');\n    if (event.data && event.data.iframeHeight && iframe) {\n      iframe.style.height = event.data.iframeHeight + 'px';\n    }\n\n    if (event.data && event.data.type === \"SCROLL_TOP\") {\n      window.scrollTo({ top: 0, behavior: 'smooth' });\n    }\n  });\n<\/script>\n<\/div>\n\n\n\n<div class=\"wp-block-column is-vertically-aligned-top is-layout-flow wp-block-column-is-layout-flow\" style=\"padding-top:0;padding-bottom:0;flex-basis:40%\">\n\n\n<div class=\"wp-block-group group-to-hide has-background has-global-padding is-layout-constrained wp-container-core-group-is-layout-06d78a1e wp-block-group-is-layout-constrained\" style=\"border-radius:12px;background-color:#f4f4f5;margin-top:0;margin-bottom:0;padding-top:var(--wp--preset--spacing--40);padding-right:var(--wp--preset--spacing--40);padding-bottom:var(--wp--preset--spacing--40);padding-left:var(--wp--preset--spacing--40)\">\n<p class=\"has-large-font-size\" style=\"margin-top:0;font-style:normal;font-weight:700\">Type de paiement<\/p>\n\n\n\n<p style=\"margin-top:var(--wp--preset--spacing--20);margin-bottom:var(--wp--preset--spacing--20)\">Nous acceptons PayPal, Visa, MasterCard et American Express.<\/p>\n\n\n\n<p>Nous acceptons \u00e9galement Discover pour les r\u00e9sidents am\u00e9ricains.<\/p>\n\n\n\n<p class=\"has-large-font-size\" style=\"margin-top:var(--wp--preset--spacing--30);font-style:normal;font-weight:700\">Facturation et confidentialit\u00e9<\/p>\n\n\n\n<p style=\"margin-top:var(--wp--preset--spacing--20);margin-bottom:var(--wp--preset--spacing--20)\">Votre achat est priv\u00e9 et appara\u00eetra sous la mention \u00ab FIRST MEDIA \u00bb sur votre relev\u00e9 de carte de cr\u00e9dit.<\/p>\n\n\n\n<p class=\"has-large-font-size\" style=\"margin-top:var(--wp--preset--spacing--30);font-style:normal;font-weight:700\">Besoin d&#039;aide ?<\/p>\n\n\n\n<p style=\"margin-top:var(--wp--preset--spacing--20);margin-bottom:var(--wp--preset--spacing--20)\">Appelez-nous au <strong><mark style=\"background-color:rgba(0, 0, 0, 0)\" class=\"has-inline-color has-accent-1-color\"><a href=\"tel:8004193388\"><\/a><\/mark><\/strong><a href=\"tel:8665823434\"><strong><mark style=\"background-color:rgba(0, 0, 0, 0)\" class=\"has-inline-color has-accent-1-color\">(866) 582-3434<\/mark><\/strong><\/a><\/p>\n<\/div>\n<\/div>\n<\/div>\n\n\n\n<script>\n  window.addEventListener(\"message\", function (event) {\n    \/\/ Optional security check \u2014 uncomment this to restrict to your Next.js iframe origin:\n    \/\/ if (event.origin !== \"https:\/\/your-nextjs-app.com\") return;\n\n    \/\/ Expecting a message like { hideGroup: true }\n    if (event.data && typeof event.data.hideGroup === \"boolean\") {\n      const group = document.querySelector(\".group-to-hide\");\n      if (group) {\n        group.style.display = event.data.hideGroup ? \"none\" : \"block\";\n      }\n    }\n  });\n<\/script>","protected":false},"excerpt":{"rendered":"<p>Buy Time on Telematch Already have a web account? Have you purchased time here before?&nbsp;Login now&nbsp;to access your account. Already have a membership? Do you have a QuestChat membership number and want to add minutes? Create a web account&nbsp;and link your existing membership. Payment type We accept PayPal, Visa, MasterCard, and American Express. We also [&hellip;]<\/p>\n","protected":false},"author":1,"featured_media":0,"parent":0,"menu_order":0,"comment_status":"closed","ping_status":"closed","template":"page-no-title","meta":{"footnotes":""},"class_list":["post-68","page","type-page","status-publish","hentry"],"_links":{"self":[{"href":"https:\/\/telematch.ca\/fr\/wp-json\/wp\/v2\/pages\/68","targetHints":{"allow":["GET"]}}],"collection":[{"href":"https:\/\/telematch.ca\/fr\/wp-json\/wp\/v2\/pages"}],"about":[{"href":"https:\/\/telematch.ca\/fr\/wp-json\/wp\/v2\/types\/page"}],"author":[{"embeddable":true,"href":"https:\/\/telematch.ca\/fr\/wp-json\/wp\/v2\/users\/1"}],"replies":[{"embeddable":true,"href":"https:\/\/telematch.ca\/fr\/wp-json\/wp\/v2\/comments?post=68"}],"version-history":[{"count":0,"href":"https:\/\/telematch.ca\/fr\/wp-json\/wp\/v2\/pages\/68\/revisions"}],"wp:attachment":[{"href":"https:\/\/telematch.ca\/fr\/wp-json\/wp\/v2\/media?parent=68"}],"curies":[{"name":"wp","href":"https:\/\/api.w.org\/{rel}","templated":true}]}}