{"id":66,"date":"2025-04-14T14:30:26","date_gmt":"2025-04-14T14:30:26","guid":{"rendered":"https:\/\/telematch.ca\/?page_id=66"},"modified":"2025-07-31T16:02:55","modified_gmt":"2025-07-31T20:02:55","slug":"faq","status":"publish","type":"page","link":"https:\/\/telematch.ca\/fr\/faq\/","title":{"rendered":"FAQ"},"content":{"rendered":"<div class=\"wp-block-cover alignfull has-custom-content-position is-position-top-center my-cover-block\" style=\"min-height:525px;aspect-ratio:unset;\"><img loading=\"lazy\" decoding=\"async\" width=\"1600\" height=\"650\" sizes=\"auto, (max-width: 799px) 200vw, (max-width: 1600px) 100vw, 1600px\" class=\"wp-block-cover__image-background wp-image-2097 size-full\" alt=\"\" src=\"https:\/\/telematch.ca\/wp-content\/uploads\/2025\/07\/TeleMatch-Main-Alt1.jpg\" style=\"object-position:25% 38%\" data-object-fit=\"cover\" data-object-position=\"25% 38%\" srcset=\"https:\/\/telematch.ca\/wp-content\/uploads\/2025\/07\/TeleMatch-Main-Alt1.jpg 1600w, https:\/\/telematch.ca\/wp-content\/uploads\/2025\/07\/TeleMatch-Main-Alt1-300x122.jpg 300w, https:\/\/telematch.ca\/wp-content\/uploads\/2025\/07\/TeleMatch-Main-Alt1-1024x416.jpg 1024w, https:\/\/telematch.ca\/wp-content\/uploads\/2025\/07\/TeleMatch-Main-Alt1-768x312.jpg 768w, https:\/\/telematch.ca\/wp-content\/uploads\/2025\/07\/TeleMatch-Main-Alt1-1536x624.jpg 1536w\" \/><span aria-hidden=\"true\" class=\"wp-block-cover__background has-background-dim-0 has-background-dim\" style=\"background-color:#46454b\"><\/span><div class=\"wp-block-cover__inner-container has-global-padding is-layout-constrained wp-block-cover-is-layout-constrained\">\n<div class=\"wp-block-group alignwide has-global-padding is-content-justification-right is-layout-constrained wp-container-core-group-is-layout-b0de72d8 wp-block-group-is-layout-constrained\" style=\"margin-top:var(--wp--preset--spacing--50);margin-bottom:0\">\n<div class=\"wp-block-group has-global-padding is-content-justification-right is-layout-constrained wp-container-core-group-is-layout-adaf2a9a wp-block-group-is-layout-constrained\" style=\"padding-top:0;padding-right:0;padding-bottom:0;padding-left:0\">\n<h2 class=\"wp-block-heading has-xx-large-font-size\"><strong>T\u00e9l\u00e9match<\/strong><\/h2>\n\n\n\n<p class=\"has-large-font-size\" style=\"margin-top:0;margin-bottom:0;padding-top:0;padding-bottom:0\">Entrez en contact avec de vrais c\u00e9libataires.<\/p>\n\n\n\n<div class=\"wp-block-group has-global-padding is-layout-constrained wp-container-core-group-is-layout-fb4bd96d wp-block-group-is-layout-constrained\" style=\"margin-top:var(--wp--preset--spacing--30);margin-bottom:var(--wp--preset--spacing--30);padding-top:0;padding-bottom:0\">\n<div class=\"wp-block-group has-x-large-font-size is-nowrap is-layout-flex wp-container-core-group-is-layout-6c531013 wp-block-group-is-layout-flex\" style=\"font-style:normal;font-weight:700\">\n<p class=\"my-paragraph\" style=\"line-height: 1.1; margin: 0;\">\n  Discutez en direct maintenant - \n  <span class=\"mobile-break\"><\/span>\n  <span style=\"color: #d8b4fe;\">ESSAYEZ-LE GRATUITEMENT!<\/span>\n<\/p>\n<\/div>\n\n\n\n<div class=\"wp-block-group has-x-large-font-size is-nowrap is-layout-flex wp-container-core-group-is-layout-879c0eda wp-block-group-is-layout-flex\" style=\"margin-top:0;margin-bottom:0;padding-top:0;padding-right:0;padding-bottom:0;padding-left:0\">\n<span style=\"display: inline-block; white-space: nowrap; ; line-height: 1.2; margin: 0;\">\n  Appeler \n  <span class=\"live-phone\" style=\"min-width: 50px; display: inline-block; font-weight: bold;\"><\/span>\n<\/span>\n<\/div>\n\n\n\n<div class=\"wp-block-group has-large-font-size is-nowrap is-layout-flex wp-container-core-group-is-layout-2945df10 wp-block-group-is-layout-flex\" style=\"margin-top:var(--wp--preset--spacing--20);margin-bottom:0\">\n<span class=\"my-paragraph\" \n style=\"white-space: nowrap;\">\n  Discutez avec des c\u00e9libataires \u00e0 \n  <span class=\"live-city\" style=\"min-width: 50px; display: inline-block; font-weight: bold;\"><\/span>\n<\/span>\n<\/div>\n\n\n\n<div class=\"wp-block-group has-small-font-size is-nowrap is-layout-flex wp-container-core-group-is-layout-e1411b87 wp-block-group-is-layout-flex\" style=\"margin-top:var(--wp--preset--spacing--30)\">\n<style>\n  @media (max-width: 480px) {\n    .location-wrapper {\n      flex-direction: column;\n      gap: 0;\n      align-items: flex-start !important;\n    }\n  }\n<\/style>\n\n<div class=\"location-wrapper\" style=\"display: flex; justify-content: space-between; align-items: center; gap: 20px;\">\n  <p style=\"margin: 0;\">\n    Ce n'est pas votre ville ?<br>\n    code pour obtenir votre num\u00e9ro.\n  <\/p>\n  <div>\n    \n        <div class=\"fmg-geo-location-app\"><\/div>\n        <div id=\"fmg-geo-modal-root\"><\/div>\n    \n  <\/div>\n<\/div>\n<\/div>\n<\/div>\n\n\n\n<p class=\"has-small-font-size\" style=\"margin-top:0;padding-top:0;padding-bottom:0\">Vous devez \u00eatre \u00e2g\u00e9 d'au moins 18 ans pour utiliser notre service.<\/p>\n<\/div>\n<\/div>\n<\/div><\/div>\n\n\n\n<div class=\"wp-block-group alignfull has-global-padding is-layout-constrained wp-block-group-is-layout-constrained tw-block-animation tw-animation-fade-in-up\">\n<h2 class=\"wp-block-heading alignwide has-text-align-left has-x-large-font-size\" style=\"padding-top:var(--wp--preset--spacing--40);padding-bottom:var(--wp--preset--spacing--40);font-style:normal;font-weight:700\">Questions fr\u00e9quemment pos\u00e9es<\/h2>\n\n\n\n<div class=\"wp-block-group alignfull is-style-default has-base-background-color has-background has-global-padding is-layout-constrained wp-block-group-is-layout-constrained\" style=\"margin-top:0;margin-bottom:0\">\n<div class=\"wp-block-group alignwide is-layout-flow wp-container-core-group-is-layout-0f55f37d wp-block-group-is-layout-flow\" style=\"padding-top:0;padding-bottom:0\">\n<div class=\"wp-block-columns is-layout-flex wp-container-core-columns-is-layout-9b272f02 wp-block-columns-is-layout-flex\">\n<div class=\"wp-block-column is-layout-flow wp-block-column-is-layout-flow\">\n<div class=\"wp-block-group is-layout-flow wp-block-group-is-layout-flow\" style=\"border-top-color:var(--wp--preset--color--accent-6);border-top-width:1px;padding-top:var(--wp--preset--spacing--30);padding-bottom:var(--wp--preset--spacing--30)\">\n<h3 class=\"wp-block-heading\"><strong>Qu\u2019est-ce que le \u00ab phone dating \u00bb ?<\/strong><\/h3>\n\n\n\n<p>Les rencontres par t\u00e9l\u00e9phone sont un moyen amusant, simple et s\u00fbr de rencontrer de nouvelles personnes pr\u00e8s de chez vous, ou partout en Am\u00e9rique du Nord. C&#039;est un peu comme les rencontres en ligne, mais par t\u00e9l\u00e9phone. Vous pouvez cr\u00e9er un compte, enregistrer un profil vocal, consulter d&#039;autres profils, vous connecter en direct ou \u00e9changer des messages priv\u00e9s. \u00c0 vous de choisir\u00a0! Les rencontres par t\u00e9l\u00e9phone&nbsp;<em>le<\/em>&nbsp;choix pour des milliers de c\u00e9libataires locaux cherchant \u00e0 se connecter avec d&#039;autres&nbsp;<strong>r\u00e9el&nbsp;<\/strong>c\u00e9libataires locaux tous les jours.<\/p>\n<\/div>\n<\/div>\n\n\n\n<div class=\"wp-block-column is-layout-flow wp-block-column-is-layout-flow\">\n<div class=\"wp-block-group is-layout-flow wp-block-group-is-layout-flow\" style=\"border-top-color:var(--wp--preset--color--accent-6);border-top-width:1px;padding-top:var(--wp--preset--spacing--30);padding-bottom:var(--wp--preset--spacing--30)\">\n<h3 class=\"wp-block-heading\"><strong>Quels sont les avantages des rencontres par t\u00e9l\u00e9phone par rapport aux rencontres en ligne ?<\/strong><\/h3>\n\n\n\n<p>Ce n&#039;est un secret pour personne : les rencontres en ligne sont extr\u00eamement populaires dans le monde entier. C&#039;est amusant, rapide et facile. CEPENDANT, elles sont parfois un peu impersonnelles et il peut \u00eatre difficile de vraiment conna\u00eetre quelqu&#039;un avant de passer \u00e0 une relation hors ligne. Les rencontres par t\u00e9l\u00e9phone, en revanche, sont plus personnelles. Vous pouvez entendre la voix de l&#039;autre et m\u00eame discuter en direct tout en gardant votre num\u00e9ro de t\u00e9l\u00e9phone totalement cach\u00e9.<\/p>\n<\/div>\n<\/div>\n<\/div>\n\n\n\n<div class=\"wp-block-columns is-layout-flex wp-container-core-columns-is-layout-9b272f02 wp-block-columns-is-layout-flex\">\n<div class=\"wp-block-column is-layout-flow wp-block-column-is-layout-flow\"><\/div>\n\n\n\n<div class=\"wp-block-column is-layout-flow wp-block-column-is-layout-flow\"><\/div>\n<\/div>\n\n\n\n<div class=\"wp-block-columns is-layout-flex wp-container-core-columns-is-layout-9b272f02 wp-block-columns-is-layout-flex\">\n<div class=\"wp-block-column is-layout-flow wp-block-column-is-layout-flow\">\n<div class=\"wp-block-group is-layout-flow wp-block-group-is-layout-flow\" style=\"border-top-color:var(--wp--preset--color--accent-6);border-top-width:1px;padding-top:var(--wp--preset--spacing--30);padding-bottom:var(--wp--preset--spacing--30)\">\n<h3 class=\"wp-block-heading\"><strong>Quel \u00e2ge dois-je avoir pour utiliser Telematch ?<\/strong><\/h3>\n\n\n\n<p>Telematch est r\u00e9serv\u00e9 aux personnes de 18 ans et plus. Si vous pensez qu&#039;un utilisateur de Telematch est mineur, veuillez le signaler imm\u00e9diatement \u00e0 notre service client.<\/p>\n<\/div>\n<\/div>\n\n\n\n<div class=\"wp-block-column is-layout-flow wp-block-column-is-layout-flow\">\n<div class=\"wp-block-group is-layout-flow wp-block-group-is-layout-flow\" style=\"border-top-color:var(--wp--preset--color--accent-6);border-top-width:1px;padding-top:var(--wp--preset--spacing--30);padding-bottom:var(--wp--preset--spacing--30)\">\n<h3 class=\"wp-block-heading\"><strong>Telematch est-il s\u00fbr ?<\/strong><\/h3>\n\n\n\n<p>Telematch pr\u00e9serve la confidentialit\u00e9 de vos coordonn\u00e9es, vous permettant ainsi de discuter avec des c\u00e9libataires de votre r\u00e9gion et de vous amuser en toute s\u00e9r\u00e9nit\u00e9. Plusieurs proc\u00e9dures sont en place pour garantir un environnement s\u00fbr et agr\u00e9able \u00e0 tous nos appelants et utilisateurs de l&#039;application. Nous vous encourageons toutefois \u00e0 signaler toute activit\u00e9 suspecte ou toute conversation qui vous a mis mal \u00e0 l&#039;aise afin que nous puissions continuer \u00e0 nous am\u00e9liorer. Si vous le souhaitez,\u00a0<a href=\"https:\/\/telematch.ca\/fr\/safety-tips\/\" data-type=\"page\" data-id=\"1102\">rencontrer quelqu&#039;un en personne\u00a0<\/a>Apr\u00e8s vous \u00eatre connect\u00e9 sur Telematch, veuillez comprendre que nous d\u00e9clinons toute responsabilit\u00e9. Nous encourageons tous les utilisateurs de Telematch \u00e0 faire preuve de prudence lors de l&#039;\u00e9change d&#039;informations personnelles ou lors d&#039;une rencontre en personne. Veuillez consulter notre section Conseils de s\u00e9curit\u00e9 si vous pensez devoir le faire.<\/p>\n<\/div>\n<\/div>\n<\/div>\n\n\n\n<div class=\"wp-block-columns is-layout-flex wp-container-core-columns-is-layout-9b272f02 wp-block-columns-is-layout-flex\">\n<div class=\"wp-block-column is-layout-flow wp-block-column-is-layout-flow\">\n<div class=\"wp-block-group is-layout-flow wp-block-group-is-layout-flow\" style=\"border-top-color:var(--wp--preset--color--accent-6);border-top-width:1px;padding-top:var(--wp--preset--spacing--30);padding-bottom:var(--wp--preset--spacing--30)\">\n<h3 class=\"wp-block-heading\"><strong>Telematch est-il une ligne de chat t\u00e9l\u00e9phonique gratuite ?<\/strong><\/h3>\n\n\n\n<p>Telematch est un service gratuit et payant. Nous offrons un essai gratuit \u00e0 tous les nouveaux appelants, ainsi que d&#039;autres avantages, comme une r\u00e9duction de 50% sur votre premier forfait avec une carte de cr\u00e9dit. Les femmes discutent toujours gratuitement, mais nous proposons \u00e9galement une ligne de chat gratuite pour les hommes. Nous mettons tout en \u0153uvre pour maintenir des tarifs comp\u00e9titifs et \u00e9quitables chez Telematch et vous encourageons \u00e0 contacter un conseiller client pour en savoir plus sur nos forfaits de minutes.<\/p>\n<\/div>\n<\/div>\n\n\n\n<div class=\"wp-block-column is-layout-flow wp-block-column-is-layout-flow\">\n<div class=\"wp-block-group is-layout-flow wp-block-group-is-layout-flow\" style=\"border-top-color:var(--wp--preset--color--accent-6);border-top-width:1px;padding-top:var(--wp--preset--spacing--30);padding-bottom:var(--wp--preset--spacing--30)\">\n<h3 class=\"wp-block-heading\"><strong><strong>J&#039;ai une id\u00e9e sur la fa\u00e7on d&#039;am\u00e9liorer le <\/strong>T\u00e9l\u00e9match <strong>Ligne de discussion t\u00e9l\u00e9phonique. Comment puis-je soumettre mon message\u00a0?<\/strong><\/strong><\/h3>\n\n\n\n<p>Nous aimons conna\u00eetre l&#039;avis de nos clients et sommes toujours attentifs \u00e0 l&#039;opportunit\u00e9 d&#039;am\u00e9liorer nos produits et services. N&#039;h\u00e9sitez pas \u00e0 soumettre vos suggestions au service client en cliquant ici.&nbsp;<a href=\"https:\/\/telematch.ca\/fr\/contact\/\" data-type=\"page\" data-id=\"18\">ici<\/a>.<\/p>\n<\/div>\n<\/div>\n<\/div>\n<\/div>\n<\/div>\n<\/div>","protected":false},"excerpt":{"rendered":"<p>Frequently Asked Questions What is \u201cphone dating\u201d? Phone dating is a fun, easy and safe way to meet new people in your local area \u2013 or across North America. It\u2019s a lot like online dating, but over the phone. You\u2019re able to create a membership, record a voice profile, browse other profiles, connect live or [&hellip;]<\/p>\n","protected":false},"author":1,"featured_media":0,"parent":0,"menu_order":0,"comment_status":"closed","ping_status":"closed","template":"page-no-title","meta":{"footnotes":""},"class_list":["post-66","page","type-page","status-publish","hentry"],"_links":{"self":[{"href":"https:\/\/telematch.ca\/fr\/wp-json\/wp\/v2\/pages\/66","targetHints":{"allow":["GET"]}}],"collection":[{"href":"https:\/\/telematch.ca\/fr\/wp-json\/wp\/v2\/pages"}],"about":[{"href":"https:\/\/telematch.ca\/fr\/wp-json\/wp\/v2\/types\/page"}],"author":[{"embeddable":true,"href":"https:\/\/telematch.ca\/fr\/wp-json\/wp\/v2\/users\/1"}],"replies":[{"embeddable":true,"href":"https:\/\/telematch.ca\/fr\/wp-json\/wp\/v2\/comments?post=66"}],"version-history":[{"count":1,"href":"https:\/\/telematch.ca\/fr\/wp-json\/wp\/v2\/pages\/66\/revisions"}],"predecessor-version":[{"id":2160,"href":"https:\/\/telematch.ca\/fr\/wp-json\/wp\/v2\/pages\/66\/revisions\/2160"}],"wp:attachment":[{"href":"https:\/\/telematch.ca\/fr\/wp-json\/wp\/v2\/media?parent=66"}],"curies":[{"name":"wp","href":"https:\/\/api.w.org\/{rel}","templated":true}]}}