{"id":63,"date":"2025-04-14T14:30:07","date_gmt":"2025-04-14T14:30:07","guid":{"rendered":"https:\/\/telematch.ca\/?page_id=63"},"modified":"2025-07-31T16:14:18","modified_gmt":"2025-07-31T20:14:18","slug":"for-men","status":"publish","type":"page","link":"https:\/\/telematch.ca\/fr\/for-men\/","title":{"rendered":"Pour les hommes"},"content":{"rendered":"<div class=\"wp-block-cover alignfull has-custom-content-position is-position-top-center\" style=\"min-height:525px;aspect-ratio:unset;\"><img loading=\"lazy\" decoding=\"async\" width=\"1024\" height=\"768\" sizes=\"auto, (max-width: 799px) 200vw, (max-width: 2560px) 100vw, 2560px\" class=\"wp-block-cover__image-background wp-image-2161 size-large\" alt=\"\" src=\"https:\/\/telematch.ca\/wp-content\/uploads\/2025\/07\/For-men2-1024x768.jpg\" style=\"object-position:36% 20%\" data-object-fit=\"cover\" data-object-position=\"36% 20%\" srcset=\"https:\/\/telematch.ca\/wp-content\/uploads\/2025\/07\/For-men2-1024x768.jpg 1024w, https:\/\/telematch.ca\/wp-content\/uploads\/2025\/07\/For-men2-300x225.jpg 300w, https:\/\/telematch.ca\/wp-content\/uploads\/2025\/07\/For-men2-768x576.jpg 768w, https:\/\/telematch.ca\/wp-content\/uploads\/2025\/07\/For-men2-1536x1152.jpg 1536w, https:\/\/telematch.ca\/wp-content\/uploads\/2025\/07\/For-men2-2048x1536.jpg 2048w, https:\/\/telematch.ca\/wp-content\/uploads\/2025\/07\/For-men2-16x12.jpg 16w\" \/><span aria-hidden=\"true\" class=\"wp-block-cover__background has-background-dim-0 has-background-dim\" style=\"background-color:#6f6f71\"><\/span><div class=\"wp-block-cover__inner-container has-global-padding is-layout-constrained wp-block-cover-is-layout-constrained\">\n<div class=\"wp-block-group alignwide has-global-padding is-content-justification-right is-layout-constrained wp-container-core-group-is-layout-b0de72d8 wp-block-group-is-layout-constrained\" style=\"margin-top:var(--wp--preset--spacing--50);margin-bottom:0\">\n<div class=\"wp-block-group has-global-padding is-content-justification-right is-layout-constrained wp-container-core-group-is-layout-adaf2a9a wp-block-group-is-layout-constrained\" style=\"padding-top:0;padding-right:0;padding-bottom:0;padding-left:0\">\n<h2 class=\"wp-block-heading has-xx-large-font-size\"><strong>T\u00e9l\u00e9match<\/strong><\/h2>\n\n\n\n<p class=\"has-large-font-size\" style=\"margin-top:0;margin-bottom:0;padding-top:0;padding-bottom:0\">Entrez en contact avec de vrais c\u00e9libataires.<\/p>\n\n\n\n<div class=\"wp-block-group has-global-padding is-layout-constrained wp-container-core-group-is-layout-fb4bd96d wp-block-group-is-layout-constrained\" style=\"margin-top:var(--wp--preset--spacing--30);margin-bottom:var(--wp--preset--spacing--30);padding-top:0;padding-bottom:0\">\n<div class=\"wp-block-group has-x-large-font-size is-nowrap is-layout-flex wp-container-core-group-is-layout-6c531013 wp-block-group-is-layout-flex\" style=\"font-style:normal;font-weight:700\">\n<p class=\"my-paragraph\" style=\"line-height: 1.1; margin: 0;\">\n  Discutez en direct maintenant - \n  <span class=\"mobile-break\"><\/span>\n  <span style=\"color: #d8b4fe;\">ESSAYEZ-LE GRATUITEMENT!<\/span>\n<\/p>\n<\/div>\n\n\n\n<div class=\"wp-block-group has-x-large-font-size is-nowrap is-layout-flex wp-container-core-group-is-layout-879c0eda wp-block-group-is-layout-flex\" style=\"margin-top:0;margin-bottom:0;padding-top:0;padding-right:0;padding-bottom:0;padding-left:0\">\n<span style=\"display: inline-block; white-space: nowrap; ; line-height: 1.2; margin: 0;\">\n  Appeler \n  <span class=\"live-phone\" style=\"min-width: 50px; display: inline-block; font-weight: bold;\"><\/span>\n<\/span>\n<\/div>\n\n\n\n<div class=\"wp-block-group has-large-font-size is-nowrap is-layout-flex wp-container-core-group-is-layout-2945df10 wp-block-group-is-layout-flex\" style=\"margin-top:var(--wp--preset--spacing--20);margin-bottom:0\">\n<span class=\"my-paragraph\" \n style=\"white-space: nowrap;\">\n  Discutez avec des c\u00e9libataires \u00e0 \n  <span class=\"live-city\" style=\"min-width: 50px; display: inline-block; font-weight: bold;\"><\/span>\n<\/span>\n<\/div>\n\n\n\n<div class=\"wp-block-group has-small-font-size is-nowrap is-layout-flex wp-container-core-group-is-layout-e1411b87 wp-block-group-is-layout-flex\" style=\"margin-top:var(--wp--preset--spacing--30)\">\n<style>\n  @media (max-width: 480px) {\n    .location-wrapper {\n      flex-direction: column;\n      gap: 0;\n      align-items: flex-start !important;\n    }\n  }\n<\/style>\n\n<div class=\"location-wrapper\" style=\"display: flex; justify-content: space-between; align-items: center; gap: 20px;\">\n  <p style=\"margin: 0;\">\n    Ce n'est pas votre ville ?<br>\n    code pour obtenir votre num\u00e9ro.\n  <\/p>\n  <div>\n    \n        <div class=\"fmg-geo-location-app\"><\/div>\n        <div id=\"fmg-geo-modal-root\"><\/div>\n    \n  <\/div>\n<\/div>\n<\/div>\n<\/div>\n\n\n\n<p class=\"has-small-font-size\" style=\"margin-top:0;padding-top:0;padding-bottom:0\">Vous devez \u00eatre \u00e2g\u00e9 d'au moins 18 ans pour utiliser notre service.<\/p>\n<\/div>\n<\/div>\n<\/div><\/div>\n\n\n\n<div class=\"wp-block-group alignwide has-global-padding is-layout-constrained wp-block-group-is-layout-constrained tw-block-animation tw-animation-fade-in-up\">\n<h2 class=\"wp-block-heading alignwide has-text-align-left has-x-large-font-size\" style=\"padding-top:var(--wp--preset--spacing--40);padding-bottom:var(--wp--preset--spacing--20);font-style:normal;font-weight:700\">Telematch pour hommes<\/h2>\n\n\n\n<div class=\"wp-block-group alignwide is-vertical is-layout-flex wp-container-core-group-is-layout-fe9cc265 wp-block-group-is-layout-flex\">\n<p>Les hommes savent que Telematch est l&#039;endroit id\u00e9al pour rencontrer des femmes sexy de votre r\u00e9gion, n&#039;importe quand et n&#039;importe quand. Gr\u00e2ce \u00e0 des tarifs abordables et comp\u00e9titifs, il est facile de passer des heures \u00e0 discuter avec des femmes formidables sur Telematch. De plus, tous les nouveaux appelants b\u00e9n\u00e9ficient d&#039;un&nbsp;<a href=\"https:\/\/telematch.ca\/fr\/free-trial\/\">essai gratuit<\/a>Votre essai gratuit vous donne un acc\u00e8s total \u00e0 toutes les fonctionnalit\u00e9s de chat t\u00e9l\u00e9phonique de Telematch, y compris la navigation dans les profils vocaux, l&#039;\u00e9change de messages vocaux et la connexion en direct pour une conversation.<\/p>\n\n\n\n<p>Sur Telematch, vous choisissez \u00e0 qui vous voulez parler. Parcourez facilement les profils vocaux de femmes locales et s\u00e9duisantes. Si vous vous sentez d&#039;humeur aventureuse, vous pouvez \u00e9galement consulter les profils de femmes un peu plus \u00e9loign\u00e9es gr\u00e2ce \u00e0 notre fonction de recherche \u00ab\u00a0distance en voiture\u00a0\u00bb.<\/p>\n<\/div>\n<\/div>\n\n\n\n<div class=\"wp-block-columns alignwide tw-cols-stack-md-2 is-layout-flex wp-container-core-columns-is-layout-f2dbd9ad wp-block-columns-is-layout-flex\" style=\"margin-top:var(--wp--preset--spacing--50);margin-bottom:0;padding-top:0;padding-bottom:0\">\n<div class=\"wp-block-column has-base-color has-text-color has-background has-link-color wp-elements-b19996b8e5960ca4424f923d8e1bcf6a is-layout-flow wp-block-column-is-layout-flow\" style=\"border-radius:10px;background-color:#f4f4f5;padding-top:0;padding-right:var(--wp--preset--spacing--30);padding-bottom:var(--wp--preset--spacing--20);padding-left:var(--wp--preset--spacing--30)\">\n<figure class=\"wp-block-image aligncenter size-full is-resized\" style=\"margin-bottom:0\"><img loading=\"lazy\" decoding=\"async\" width=\"1080\" height=\"1080\" src=\"https:\/\/telematch.ca\/wp-content\/uploads\/2025\/07\/CashIcon1.png\" alt=\"\" class=\"wp-image-2072\" style=\"width:100px\" srcset=\"https:\/\/telematch.ca\/wp-content\/uploads\/2025\/07\/CashIcon1.png 1080w, https:\/\/telematch.ca\/wp-content\/uploads\/2025\/07\/CashIcon1-300x300.png 300w, https:\/\/telematch.ca\/wp-content\/uploads\/2025\/07\/CashIcon1-1024x1024.png 1024w, https:\/\/telematch.ca\/wp-content\/uploads\/2025\/07\/CashIcon1-150x150.png 150w, https:\/\/telematch.ca\/wp-content\/uploads\/2025\/07\/CashIcon1-768x768.png 768w\" sizes=\"auto, (max-width: 1080px) 100vw, 1080px\" \/><\/figure>\n\n\n\n<p class=\"has-contrast-color has-text-color has-link-color has-medium-font-size wp-elements-0da5aa8398f5eff956d2bd0f37364fb2\" style=\"margin-top:0;margin-bottom:0\">Tous les nouveaux acheteurs b\u00e9n\u00e9ficient d&#039;une r\u00e9duction de 50% sur notre forfait \u00e0 prix r\u00e9gulier avec carte de cr\u00e9dit.<\/p>\n<\/div>\n\n\n\n<div class=\"wp-block-column has-background is-layout-flow wp-block-column-is-layout-flow\" style=\"border-radius:10px;background-color:#f4f4f5;padding-top:0;padding-right:var(--wp--preset--spacing--30);padding-bottom:var(--wp--preset--spacing--30);padding-left:var(--wp--preset--spacing--30)\">\n<figure class=\"wp-block-image aligncenter size-full is-resized\" style=\"margin-top:0;margin-bottom:0\"><img loading=\"lazy\" decoding=\"async\" width=\"1080\" height=\"1080\" src=\"https:\/\/telematch.ca\/wp-content\/uploads\/2025\/07\/ChatIcon1.png\" alt=\"\" class=\"wp-image-2071\" style=\"aspect-ratio:1;object-fit:cover;width:100px\" srcset=\"https:\/\/telematch.ca\/wp-content\/uploads\/2025\/07\/ChatIcon1.png 1080w, https:\/\/telematch.ca\/wp-content\/uploads\/2025\/07\/ChatIcon1-300x300.png 300w, https:\/\/telematch.ca\/wp-content\/uploads\/2025\/07\/ChatIcon1-1024x1024.png 1024w, https:\/\/telematch.ca\/wp-content\/uploads\/2025\/07\/ChatIcon1-150x150.png 150w, https:\/\/telematch.ca\/wp-content\/uploads\/2025\/07\/ChatIcon1-768x768.png 768w\" sizes=\"auto, (max-width: 1080px) 100vw, 1080px\" \/><\/figure>\n\n\n\n<p class=\"has-medium-font-size\" style=\"margin-top:0;margin-bottom:0\">Pour une exp\u00e9rience stimulante, discutez en direct. Cr\u00e9ez une connexion intime en discutant en t\u00eate-\u00e0-t\u00eate.<\/p>\n<\/div>\n\n\n\n<div class=\"wp-block-column has-background is-layout-flow wp-block-column-is-layout-flow\" style=\"border-radius:10px;background-color:#f4f4f5;padding-top:0;padding-right:var(--wp--preset--spacing--30);padding-bottom:var(--wp--preset--spacing--30);padding-left:var(--wp--preset--spacing--30)\">\n<figure class=\"wp-block-image aligncenter size-full is-resized\" style=\"margin-top:0;margin-bottom:0\"><img loading=\"lazy\" decoding=\"async\" width=\"1080\" height=\"1080\" src=\"https:\/\/telematch.ca\/wp-content\/uploads\/2025\/07\/GlobeIcon1.png\" alt=\"\" class=\"wp-image-2069\" style=\"aspect-ratio:1;object-fit:cover;width:100px\" srcset=\"https:\/\/telematch.ca\/wp-content\/uploads\/2025\/07\/GlobeIcon1.png 1080w, https:\/\/telematch.ca\/wp-content\/uploads\/2025\/07\/GlobeIcon1-300x300.png 300w, https:\/\/telematch.ca\/wp-content\/uploads\/2025\/07\/GlobeIcon1-1024x1024.png 1024w, https:\/\/telematch.ca\/wp-content\/uploads\/2025\/07\/GlobeIcon1-150x150.png 150w, https:\/\/telematch.ca\/wp-content\/uploads\/2025\/07\/GlobeIcon1-768x768.png 768w\" sizes=\"auto, (max-width: 1080px) 100vw, 1080px\" \/><\/figure>\n\n\n\n<p class=\"has-medium-font-size\" style=\"margin-top:0;margin-bottom:0\">Restez local ou \u00e9largissez votre recherche pour entendre des femmes de tout le pays.<\/p>\n<\/div>\n\n\n\n<div class=\"wp-block-column has-background is-layout-flow wp-block-column-is-layout-flow\" style=\"border-radius:10px;background-color:#f4f4f5;padding-top:0;padding-right:var(--wp--preset--spacing--30);padding-bottom:var(--wp--preset--spacing--30);padding-left:var(--wp--preset--spacing--30)\">\n<figure class=\"wp-block-image aligncenter size-full is-resized\" style=\"margin-top:0;margin-right:0;margin-bottom:0;margin-left:0\"><img loading=\"lazy\" decoding=\"async\" width=\"1080\" height=\"1080\" src=\"https:\/\/telematch.ca\/wp-content\/uploads\/2025\/07\/SafeIcon1.png\" alt=\"\" class=\"wp-image-2068\" style=\"width:100px\" srcset=\"https:\/\/telematch.ca\/wp-content\/uploads\/2025\/07\/SafeIcon1.png 1080w, https:\/\/telematch.ca\/wp-content\/uploads\/2025\/07\/SafeIcon1-300x300.png 300w, https:\/\/telematch.ca\/wp-content\/uploads\/2025\/07\/SafeIcon1-1024x1024.png 1024w, https:\/\/telematch.ca\/wp-content\/uploads\/2025\/07\/SafeIcon1-150x150.png 150w, https:\/\/telematch.ca\/wp-content\/uploads\/2025\/07\/SafeIcon1-768x768.png 768w\" sizes=\"auto, (max-width: 1080px) 100vw, 1080px\" \/><\/figure>\n\n\n\n<p class=\"has-medium-font-size\" style=\"margin-top:0;margin-right:0;margin-bottom:0;margin-left:0\">S\u00fbr et s\u00e9curis\u00e9. Nous ne partagerons jamais vos donn\u00e9es personnelles avec qui que ce soit. Vous \u00eates prot\u00e9g\u00e9 et anonyme.<\/p>\n<\/div>\n\n\n\n<div class=\"wp-block-column has-background is-layout-flow wp-block-column-is-layout-flow\" style=\"border-radius:10px;background-color:#f4f4f5;padding-top:0;padding-right:var(--wp--preset--spacing--30);padding-bottom:var(--wp--preset--spacing--30);padding-left:var(--wp--preset--spacing--30)\">\n<figure class=\"wp-block-image aligncenter size-full is-resized\" style=\"margin-top:0;margin-bottom:0\"><img loading=\"lazy\" decoding=\"async\" width=\"1080\" height=\"1080\" src=\"https:\/\/telematch.ca\/wp-content\/uploads\/2025\/07\/FunIcon1.png\" alt=\"\" class=\"wp-image-2070\" style=\"aspect-ratio:1;object-fit:cover;width:100px\" srcset=\"https:\/\/telematch.ca\/wp-content\/uploads\/2025\/07\/FunIcon1.png 1080w, https:\/\/telematch.ca\/wp-content\/uploads\/2025\/07\/FunIcon1-300x300.png 300w, https:\/\/telematch.ca\/wp-content\/uploads\/2025\/07\/FunIcon1-1024x1024.png 1024w, https:\/\/telematch.ca\/wp-content\/uploads\/2025\/07\/FunIcon1-150x150.png 150w, https:\/\/telematch.ca\/wp-content\/uploads\/2025\/07\/FunIcon1-768x768.png 768w\" sizes=\"auto, (max-width: 1080px) 100vw, 1080px\" \/><\/figure>\n\n\n\n<p class=\"has-medium-font-size\" style=\"margin-top:0;margin-bottom:0\">C&#039;est tout simplement amusant ! Explorez les possibilit\u00e9s. Exprimez-vous.<\/p>\n<\/div>\n<\/div>","protected":false},"excerpt":{"rendered":"<p>Telematch for Men Guys know that Telematch is the #1 place to meet sexy, local women \u2013 any day, any time. With affordable and competitive pricing, it\u2019s easy to spend hours talking to great women on Telematch. Plus, all first-time callers get a&nbsp;free trial. Your free trial gives you total access to all Telematch phone [&hellip;]<\/p>\n","protected":false},"author":1,"featured_media":0,"parent":0,"menu_order":0,"comment_status":"closed","ping_status":"closed","template":"page-no-title","meta":{"footnotes":""},"class_list":["post-63","page","type-page","status-publish","hentry"],"_links":{"self":[{"href":"https:\/\/telematch.ca\/fr\/wp-json\/wp\/v2\/pages\/63","targetHints":{"allow":["GET"]}}],"collection":[{"href":"https:\/\/telematch.ca\/fr\/wp-json\/wp\/v2\/pages"}],"about":[{"href":"https:\/\/telematch.ca\/fr\/wp-json\/wp\/v2\/types\/page"}],"author":[{"embeddable":true,"href":"https:\/\/telematch.ca\/fr\/wp-json\/wp\/v2\/users\/1"}],"replies":[{"embeddable":true,"href":"https:\/\/telematch.ca\/fr\/wp-json\/wp\/v2\/comments?post=63"}],"version-history":[{"count":1,"href":"https:\/\/telematch.ca\/fr\/wp-json\/wp\/v2\/pages\/63\/revisions"}],"predecessor-version":[{"id":2166,"href":"https:\/\/telematch.ca\/fr\/wp-json\/wp\/v2\/pages\/63\/revisions\/2166"}],"wp:attachment":[{"href":"https:\/\/telematch.ca\/fr\/wp-json\/wp\/v2\/media?parent=63"}],"curies":[{"name":"wp","href":"https:\/\/api.w.org\/{rel}","templated":true}]}}