{"id":60,"date":"2025-04-14T14:29:50","date_gmt":"2025-04-14T14:29:50","guid":{"rendered":"https:\/\/telematch.ca\/?page_id=60"},"modified":"2025-07-31T16:13:25","modified_gmt":"2025-07-31T20:13:25","slug":"for-women","status":"publish","type":"page","link":"https:\/\/telematch.ca\/fr\/for-women\/","title":{"rendered":"Pour les femmes"},"content":{"rendered":"<div class=\"wp-block-cover alignfull is-light has-custom-content-position is-position-top-center has-base-color has-text-color has-link-color wp-elements-1b3b00324c02195a553f9646d65a0d71\" style=\"min-height:525px;aspect-ratio:unset;\"><img loading=\"lazy\" decoding=\"async\" width=\"1024\" height=\"768\" sizes=\"auto, (max-width: 799px) 200vw, (max-width: 2560px) 100vw, 2560px\" class=\"wp-block-cover__image-background wp-image-2162 size-large\" alt=\"\" src=\"https:\/\/telematch.ca\/wp-content\/uploads\/2025\/07\/For-women2-1024x768.jpg\" style=\"object-position:39% 22%\" data-object-fit=\"cover\" data-object-position=\"39% 22%\" srcset=\"https:\/\/telematch.ca\/wp-content\/uploads\/2025\/07\/For-women2-1024x768.jpg 1024w, https:\/\/telematch.ca\/wp-content\/uploads\/2025\/07\/For-women2-300x225.jpg 300w, https:\/\/telematch.ca\/wp-content\/uploads\/2025\/07\/For-women2-768x576.jpg 768w, https:\/\/telematch.ca\/wp-content\/uploads\/2025\/07\/For-women2-1536x1152.jpg 1536w, https:\/\/telematch.ca\/wp-content\/uploads\/2025\/07\/For-women2-2048x1536.jpg 2048w, https:\/\/telematch.ca\/wp-content\/uploads\/2025\/07\/For-women2-16x12.jpg 16w\" \/><span aria-hidden=\"true\" class=\"wp-block-cover__background has-background-dim-0 has-background-dim\" style=\"background-color:#979797\"><\/span><div class=\"wp-block-cover__inner-container has-global-padding is-layout-constrained wp-block-cover-is-layout-constrained\">\n<div class=\"wp-block-group alignwide has-global-padding is-content-justification-right is-layout-constrained wp-container-core-group-is-layout-b0de72d8 wp-block-group-is-layout-constrained\" style=\"margin-top:var(--wp--preset--spacing--50);margin-bottom:0\">\n<div class=\"wp-block-group has-global-padding is-content-justification-right is-layout-constrained wp-container-core-group-is-layout-adaf2a9a wp-block-group-is-layout-constrained\" style=\"padding-top:0;padding-right:0;padding-bottom:0;padding-left:0\">\n<h2 class=\"wp-block-heading has-xx-large-font-size\"><strong>T\u00e9l\u00e9match<\/strong><\/h2>\n\n\n\n<p class=\"has-large-font-size\" style=\"margin-top:0;margin-bottom:0;padding-top:0;padding-bottom:0\">Entrez en contact avec de vrais c\u00e9libataires.<\/p>\n\n\n\n<div class=\"wp-block-group has-global-padding is-layout-constrained wp-container-core-group-is-layout-fb4bd96d wp-block-group-is-layout-constrained\" style=\"margin-top:var(--wp--preset--spacing--30);margin-bottom:var(--wp--preset--spacing--30);padding-top:0;padding-bottom:0\">\n<div class=\"wp-block-group has-x-large-font-size is-nowrap is-layout-flex wp-container-core-group-is-layout-6c531013 wp-block-group-is-layout-flex\" style=\"font-style:normal;font-weight:700\">\n<p class=\"my-paragraph\" style=\"line-height: 1.1; margin: 0;\">\n  Discutez en direct maintenant - \n  <span class=\"mobile-break\"><\/span>\n  <span style=\"color: #d8b4fe;\">ESSAYEZ-LE GRATUITEMENT!<\/span>\n<\/p>\n<\/div>\n\n\n\n<div class=\"wp-block-group has-x-large-font-size is-nowrap is-layout-flex wp-container-core-group-is-layout-879c0eda wp-block-group-is-layout-flex\" style=\"margin-top:0;margin-bottom:0;padding-top:0;padding-right:0;padding-bottom:0;padding-left:0\">\n<span style=\"display: inline-block; white-space: nowrap; ; line-height: 1.2; margin: 0;\">\n  Appeler \n  <span class=\"live-phone\" style=\"min-width: 50px; display: inline-block; font-weight: bold;\"><\/span>\n<\/span>\n<\/div>\n\n\n\n<div class=\"wp-block-group has-large-font-size is-nowrap is-layout-flex wp-container-core-group-is-layout-2945df10 wp-block-group-is-layout-flex\" style=\"margin-top:var(--wp--preset--spacing--20);margin-bottom:0\">\n<span class=\"my-paragraph\" \n style=\"white-space: nowrap;\">\n  Discutez avec des c\u00e9libataires \u00e0 \n  <span class=\"live-city\" style=\"min-width: 50px; display: inline-block; font-weight: bold;\"><\/span>\n<\/span>\n<\/div>\n\n\n\n<div class=\"wp-block-group has-small-font-size is-nowrap is-layout-flex wp-container-core-group-is-layout-e1411b87 wp-block-group-is-layout-flex\" style=\"margin-top:var(--wp--preset--spacing--30)\">\n<style>\n  @media (max-width: 480px) {\n    .location-wrapper {\n      flex-direction: column;\n      gap: 0;\n      align-items: flex-start !important;\n    }\n  }\n<\/style>\n\n<div class=\"location-wrapper\" style=\"display: flex; justify-content: space-between; align-items: center; gap: 20px;\">\n  <p style=\"margin: 0;\">\n    Ce n'est pas votre ville ?<br>\n    code pour obtenir votre num\u00e9ro.\n  <\/p>\n  <div>\n    \n        <div class=\"fmg-geo-location-app\"><\/div>\n        <div id=\"fmg-geo-modal-root\"><\/div>\n    \n  <\/div>\n<\/div>\n<\/div>\n<\/div>\n\n\n\n<p class=\"has-small-font-size\" style=\"margin-top:0;padding-top:0;padding-bottom:0\">Vous devez \u00eatre \u00e2g\u00e9 d'au moins 18 ans pour utiliser notre service.<\/p>\n<\/div>\n<\/div>\n<\/div><\/div>\n\n\n\n<div class=\"wp-block-group alignwide has-global-padding is-layout-constrained wp-block-group-is-layout-constrained tw-block-animation tw-animation-fade-in-up\">\n<h2 class=\"wp-block-heading alignwide has-text-align-left has-x-large-font-size\" style=\"padding-top:var(--wp--preset--spacing--40);padding-bottom:var(--wp--preset--spacing--20);font-style:normal;font-weight:700\">T\u00e9l\u00e9match pour femmes<\/h2>\n\n\n\n<div class=\"wp-block-group alignwide is-vertical is-layout-flex wp-container-core-group-is-layout-fe9cc265 wp-block-group-is-layout-flex\">\n<p>Telematch est intelligent,&nbsp;<a href=\"https:\/\/telematch.ca\/fr\/safety-tips\/\">s\u00fbr<\/a>&nbsp;et priv\u00e9, ce qui en fait le choix id\u00e9al pour les femmes souhaitant rencontrer ou discuter avec des c\u00e9libataires de leur r\u00e9gion.&nbsp;<em>toujours<\/em>&nbsp;Pr\u00e9servez la confidentialit\u00e9 de vos coordonn\u00e9es 100% afin de nouer des contacts sans craindre que vos informations personnelles ne soient divulgu\u00e9es. Concentrez-vous sur votre plaisir et sur des conversations enrichissantes.<\/p>\n\n\n\n<p>Nous vous laissons le contr\u00f4le. Si vous n&#039;\u00eates pas d&#039;humeur \u00e0 recevoir un message ou si la personne n&#039;est pas votre type, vous pouvez ignorer ou bloquer n&#039;importe quel utilisateur d&#039;une simple pression sur votre \u00e9cran.<\/p>\n\n\n\n<p>Le meilleur dans tout \u00e7a ? Les femmes discutent toujours pour <strong>gratuit<\/strong>&nbsp;sur Telematch\u00a0! Pourquoi ne pas rendre votre samedi soir inoubliable, sans d\u00e9penser un centime\u2026 ni m\u00eame sortir de chez vous\u00a0?<\/p>\n<\/div>\n<\/div>\n\n\n\n<div class=\"wp-block-columns alignwide tw-cols-stack-md-2 is-layout-flex wp-container-core-columns-is-layout-f2dbd9ad wp-block-columns-is-layout-flex\" style=\"margin-top:var(--wp--preset--spacing--50);margin-bottom:0;padding-top:0;padding-bottom:0\">\n<div class=\"wp-block-column has-base-color has-text-color has-background has-link-color wp-elements-dcd1ab78891f048528cec30fb1ae8ea2 is-layout-flow wp-block-column-is-layout-flow\" style=\"border-radius:10px;background-color:#f4f4f5;padding-top:0;padding-right:var(--wp--preset--spacing--30);padding-bottom:var(--wp--preset--spacing--20);padding-left:var(--wp--preset--spacing--30)\">\n<figure class=\"wp-block-image aligncenter size-full is-resized\" style=\"margin-bottom:0\"><img loading=\"lazy\" decoding=\"async\" width=\"1080\" height=\"1080\" src=\"https:\/\/telematch.ca\/wp-content\/uploads\/2025\/07\/CashIcon1.png\" alt=\"\" class=\"wp-image-2072\" style=\"width:100px\" srcset=\"https:\/\/telematch.ca\/wp-content\/uploads\/2025\/07\/CashIcon1.png 1080w, https:\/\/telematch.ca\/wp-content\/uploads\/2025\/07\/CashIcon1-300x300.png 300w, https:\/\/telematch.ca\/wp-content\/uploads\/2025\/07\/CashIcon1-1024x1024.png 1024w, https:\/\/telematch.ca\/wp-content\/uploads\/2025\/07\/CashIcon1-150x150.png 150w, https:\/\/telematch.ca\/wp-content\/uploads\/2025\/07\/CashIcon1-768x768.png 768w\" sizes=\"auto, (max-width: 1080px) 100vw, 1080px\" \/><\/figure>\n\n\n\n<p class=\"has-contrast-color has-text-color has-link-color has-medium-font-size wp-elements-35cc9b2ced0c0816f594e29cc9c572bc\" style=\"margin-top:0;margin-bottom:0\">Telematch est toujours gratuit pour les femmes, ce qui vous permet de garder plus d&#039;argent dans votre poche.<\/p>\n<\/div>\n\n\n\n<div class=\"wp-block-column has-background is-layout-flow wp-block-column-is-layout-flow\" style=\"border-radius:10px;background-color:#f4f4f5;padding-top:0;padding-right:var(--wp--preset--spacing--30);padding-bottom:var(--wp--preset--spacing--30);padding-left:var(--wp--preset--spacing--30)\">\n<figure class=\"wp-block-image aligncenter size-full is-resized\" style=\"margin-top:0;margin-bottom:0\"><img loading=\"lazy\" decoding=\"async\" width=\"1080\" height=\"1080\" src=\"https:\/\/telematch.ca\/wp-content\/uploads\/2025\/07\/ChatIcon1.png\" alt=\"\" class=\"wp-image-2071\" style=\"aspect-ratio:1;object-fit:cover;width:100px\" srcset=\"https:\/\/telematch.ca\/wp-content\/uploads\/2025\/07\/ChatIcon1.png 1080w, https:\/\/telematch.ca\/wp-content\/uploads\/2025\/07\/ChatIcon1-300x300.png 300w, https:\/\/telematch.ca\/wp-content\/uploads\/2025\/07\/ChatIcon1-1024x1024.png 1024w, https:\/\/telematch.ca\/wp-content\/uploads\/2025\/07\/ChatIcon1-150x150.png 150w, https:\/\/telematch.ca\/wp-content\/uploads\/2025\/07\/ChatIcon1-768x768.png 768w\" sizes=\"auto, (max-width: 1080px) 100vw, 1080px\" \/><\/figure>\n\n\n\n<p class=\"has-medium-font-size\" style=\"margin-top:0;margin-bottom:0\">Pour une exp\u00e9rience stimulante, discutez en direct. Cr\u00e9ez une connexion intime en discutant en t\u00eate-\u00e0-t\u00eate.<\/p>\n<\/div>\n\n\n\n<div class=\"wp-block-column has-background is-layout-flow wp-block-column-is-layout-flow\" style=\"border-radius:10px;background-color:#f4f4f5;padding-top:0;padding-right:var(--wp--preset--spacing--30);padding-bottom:var(--wp--preset--spacing--30);padding-left:var(--wp--preset--spacing--30)\">\n<figure class=\"wp-block-image aligncenter size-full is-resized\" style=\"margin-top:0;margin-bottom:0\"><img loading=\"lazy\" decoding=\"async\" width=\"1080\" height=\"1080\" src=\"https:\/\/telematch.ca\/wp-content\/uploads\/2025\/07\/GlobeIcon1.png\" alt=\"\" class=\"wp-image-2069\" style=\"aspect-ratio:1;object-fit:cover;width:100px\" srcset=\"https:\/\/telematch.ca\/wp-content\/uploads\/2025\/07\/GlobeIcon1.png 1080w, https:\/\/telematch.ca\/wp-content\/uploads\/2025\/07\/GlobeIcon1-300x300.png 300w, https:\/\/telematch.ca\/wp-content\/uploads\/2025\/07\/GlobeIcon1-1024x1024.png 1024w, https:\/\/telematch.ca\/wp-content\/uploads\/2025\/07\/GlobeIcon1-150x150.png 150w, https:\/\/telematch.ca\/wp-content\/uploads\/2025\/07\/GlobeIcon1-768x768.png 768w\" sizes=\"auto, (max-width: 1080px) 100vw, 1080px\" \/><\/figure>\n\n\n\n<p class=\"has-medium-font-size\" style=\"margin-top:0;margin-bottom:0\">Restez local ou \u00e9largissez votre recherche pour entendre des hommes de tout le pays.<\/p>\n<\/div>\n\n\n\n<div class=\"wp-block-column has-background is-layout-flow wp-block-column-is-layout-flow\" style=\"border-radius:10px;background-color:#f4f4f5;padding-top:0;padding-right:var(--wp--preset--spacing--30);padding-bottom:var(--wp--preset--spacing--30);padding-left:var(--wp--preset--spacing--30)\">\n<figure class=\"wp-block-image aligncenter size-full is-resized\" style=\"margin-top:0;margin-right:0;margin-bottom:0;margin-left:0\"><img loading=\"lazy\" decoding=\"async\" width=\"1080\" height=\"1080\" src=\"https:\/\/telematch.ca\/wp-content\/uploads\/2025\/07\/SafeIcon1.png\" alt=\"\" class=\"wp-image-2068\" style=\"width:100px\" srcset=\"https:\/\/telematch.ca\/wp-content\/uploads\/2025\/07\/SafeIcon1.png 1080w, https:\/\/telematch.ca\/wp-content\/uploads\/2025\/07\/SafeIcon1-300x300.png 300w, https:\/\/telematch.ca\/wp-content\/uploads\/2025\/07\/SafeIcon1-1024x1024.png 1024w, https:\/\/telematch.ca\/wp-content\/uploads\/2025\/07\/SafeIcon1-150x150.png 150w, https:\/\/telematch.ca\/wp-content\/uploads\/2025\/07\/SafeIcon1-768x768.png 768w\" sizes=\"auto, (max-width: 1080px) 100vw, 1080px\" \/><\/figure>\n\n\n\n<p class=\"has-medium-font-size\" style=\"margin-top:0;margin-right:0;margin-bottom:0;margin-left:0\">S\u00fbr et s\u00e9curis\u00e9. Nous ne partagerons jamais vos donn\u00e9es personnelles avec qui que ce soit. Vous \u00eates prot\u00e9g\u00e9 par 100%.<\/p>\n<\/div>\n\n\n\n<div class=\"wp-block-column has-background is-layout-flow wp-block-column-is-layout-flow\" style=\"border-radius:10px;background-color:#f4f4f5;padding-top:0;padding-right:var(--wp--preset--spacing--30);padding-bottom:var(--wp--preset--spacing--30);padding-left:var(--wp--preset--spacing--30)\">\n<figure class=\"wp-block-image aligncenter size-full is-resized\" style=\"margin-top:0;margin-bottom:0\"><img loading=\"lazy\" decoding=\"async\" width=\"1080\" height=\"1080\" src=\"https:\/\/telematch.ca\/wp-content\/uploads\/2025\/07\/FunIcon1.png\" alt=\"\" class=\"wp-image-2070\" style=\"aspect-ratio:1;object-fit:cover;width:100px\" srcset=\"https:\/\/telematch.ca\/wp-content\/uploads\/2025\/07\/FunIcon1.png 1080w, https:\/\/telematch.ca\/wp-content\/uploads\/2025\/07\/FunIcon1-300x300.png 300w, https:\/\/telematch.ca\/wp-content\/uploads\/2025\/07\/FunIcon1-1024x1024.png 1024w, https:\/\/telematch.ca\/wp-content\/uploads\/2025\/07\/FunIcon1-150x150.png 150w, https:\/\/telematch.ca\/wp-content\/uploads\/2025\/07\/FunIcon1-768x768.png 768w\" sizes=\"auto, (max-width: 1080px) 100vw, 1080px\" \/><\/figure>\n\n\n\n<p class=\"has-medium-font-size\" style=\"margin-top:0;margin-bottom:0\">C&#039;est tout simplement amusant ! Explorez les possibilit\u00e9s et exprimez-vous librement.<\/p>\n<\/div>\n<\/div>","protected":false},"excerpt":{"rendered":"<p>Telematch for Women Telematch is smart,&nbsp;safe&nbsp;and private \u2013 making it the perfect choice for women looking to meet or chat with local singles. We&nbsp;always&nbsp;keep your contact information 100% confidential, so you can make connections without stressing over your personal info getting out. Just focus on enjoying yourself and sparking some great conversations. We put you [&hellip;]<\/p>\n","protected":false},"author":1,"featured_media":0,"parent":0,"menu_order":0,"comment_status":"closed","ping_status":"closed","template":"page-no-title","meta":{"footnotes":""},"class_list":["post-60","page","type-page","status-publish","hentry"],"_links":{"self":[{"href":"https:\/\/telematch.ca\/fr\/wp-json\/wp\/v2\/pages\/60","targetHints":{"allow":["GET"]}}],"collection":[{"href":"https:\/\/telematch.ca\/fr\/wp-json\/wp\/v2\/pages"}],"about":[{"href":"https:\/\/telematch.ca\/fr\/wp-json\/wp\/v2\/types\/page"}],"author":[{"embeddable":true,"href":"https:\/\/telematch.ca\/fr\/wp-json\/wp\/v2\/users\/1"}],"replies":[{"embeddable":true,"href":"https:\/\/telematch.ca\/fr\/wp-json\/wp\/v2\/comments?post=60"}],"version-history":[{"count":2,"href":"https:\/\/telematch.ca\/fr\/wp-json\/wp\/v2\/pages\/60\/revisions"}],"predecessor-version":[{"id":2165,"href":"https:\/\/telematch.ca\/fr\/wp-json\/wp\/v2\/pages\/60\/revisions\/2165"}],"wp:attachment":[{"href":"https:\/\/telematch.ca\/fr\/wp-json\/wp\/v2\/media?parent=60"}],"curies":[{"name":"wp","href":"https:\/\/api.w.org\/{rel}","templated":true}]}}