{"id":125,"date":"2025-04-16T14:56:43","date_gmt":"2025-04-16T18:56:43","guid":{"rendered":"https:\/\/telematch.ca\/?page_id=125"},"modified":"2025-06-20T12:14:57","modified_gmt":"2025-06-20T16:14:57","slug":"app","status":"publish","type":"page","link":"https:\/\/telematch.ca\/fr\/app\/","title":{"rendered":"Mobile App"},"content":{"rendered":"<div class=\"wp-block-cover alignfull\" style=\"min-height:525px;aspect-ratio:unset;\"><img decoding=\"async\" class=\"wp-block-cover__image-background wp-image-1776 size-large\" alt=\"\" src=\"https:\/\/telematch.ca\/wp-content\/uploads\/2025\/06\/App-1-1024x579.jpg\" data-object-fit=\"cover\"\/><span aria-hidden=\"true\" class=\"wp-block-cover__background has-background-dim\" style=\"background-color:#55514e\"><\/span><div class=\"wp-block-cover__inner-container has-global-padding is-layout-constrained wp-block-cover-is-layout-constrained\">\n<h2 class=\"wp-block-heading alignwide has-text-align-center has-base-color has-text-color has-link-color has-x-large-font-size wp-elements-50116b750bb5f0fee1f852204a16c5fb\">Trouver du vrai, <strong>c\u00e9libataires locaux<\/strong>&nbsp;pr\u00e8s de chez vous sur le <strong>\u00c9change de nuit <\/strong>application<br><\/h2>\n<\/div><\/div>\n\n\n\n<div class=\"wp-block-group alignwide has-global-padding is-layout-constrained wp-block-group-is-layout-constrained tw-block-animation tw-animation-fade-in-up\">\n<div class=\"wp-block-group alignwide is-content-justification-center is-nowrap is-layout-flex wp-container-core-group-is-layout-23441af8 wp-block-group-is-layout-flex\">\n<p class=\"has-large-font-size\" style=\"padding-top:var(--wp--preset--spacing--30);padding-right:var(--wp--preset--spacing--30);padding-bottom:var(--wp--preset--spacing--30);padding-left:var(--wp--preset--spacing--30)\">Trouvez des c\u00e9libataires sympas et proches de chez vous, o\u00f9 que vous soyez et \u00e0 tout moment. T\u00e9l\u00e9chargez l&#039;application Night Exchange pour iOS ou Android et rencontrez de nouveaux c\u00e9libataires passionnants d\u00e8s aujourd&#039;hui.&nbsp;<strong>en direct<\/strong>&nbsp;en t\u00eate-\u00e0-t\u00eate ou entamer une conversation avec&nbsp;<strong>voix&nbsp;<\/strong>messages.<\/p>\n<\/div>\n\n\n\n<div class=\"wp-block-columns alignwide is-layout-flex wp-container-core-columns-is-layout-d0b3c9c8 wp-block-columns-is-layout-flex\">\n<div class=\"wp-block-column is-layout-flow wp-block-column-is-layout-flow\" style=\"flex-basis:25%\">\n<figure class=\"wp-block-image aligncenter size-large is-resized\"><img decoding=\"async\" src=\"https:\/\/telematch.ca\/wp-content\/uploads\/2025\/06\/ios-515x1024.png\" alt=\"\" class=\"wp-image-1745\" style=\"width:256px\"\/><\/figure>\n<\/div>\n\n\n\n<div class=\"wp-block-column is-layout-flow wp-block-column-is-layout-flow\" style=\"flex-basis:25%\">\n<h2 class=\"wp-block-heading has-text-align-left\">iPhone<\/h2>\n\n\n\n<p>Night Exchange pour iOS est le choix id\u00e9al pour les c\u00e9libataires en qu\u00eate de rencontres ! Vous adorerez toutes ses fonctionnalit\u00e9s et options de messagerie. \u00c0 essayer absolument !<\/p>\n\n\n\n<figure class=\"wp-block-image alignleft size-full is-resized\"><a href=\"https:\/\/apps.apple.com\/ca\/app\/night-exchange\/id1623690646\"><img loading=\"lazy\" decoding=\"async\" width=\"320\" height=\"95\" src=\"https:\/\/telematch.ca\/wp-content\/uploads\/2025\/04\/Download_on_the_App_Store_Badge.svg_.png\" alt=\"\" class=\"wp-image-1345\" style=\"width:200px\" srcset=\"https:\/\/telematch.ca\/wp-content\/uploads\/2025\/04\/Download_on_the_App_Store_Badge.svg_.png 320w, https:\/\/telematch.ca\/wp-content\/uploads\/2025\/04\/Download_on_the_App_Store_Badge.svg_-300x89.png 300w\" sizes=\"auto, (max-width: 320px) 100vw, 320px\" \/><\/a><\/figure>\n<\/div>\n\n\n\n<div class=\"wp-block-column is-layout-flow wp-block-column-is-layout-flow\" style=\"flex-basis:25%\">\n<h2 class=\"wp-block-heading has-text-align-left\">Andro\u00efde<\/h2>\n\n\n\n<p>T\u00e9l\u00e9chargez d\u00e8s aujourd&#039;hui l&#039;application de rencontre ultra-rapide Night Exchange sur votre Android. Tout le monde utilise Night Exchange\u00a0; pourquoi pas vous\u00a0?<\/p>\n\n\n\n<figure class=\"wp-block-image alignleft size-full is-resized\"><a href=\"https:\/\/play.google.com\/store\/apps\/details?id=com.nightexchange.app\"><img loading=\"lazy\" decoding=\"async\" width=\"320\" height=\"95\" src=\"https:\/\/telematch.ca\/wp-content\/uploads\/2025\/04\/Google_Play_Store_badge_EN.svg_.png\" alt=\"\" class=\"wp-image-1346\" style=\"width:200px\" srcset=\"https:\/\/telematch.ca\/wp-content\/uploads\/2025\/04\/Google_Play_Store_badge_EN.svg_.png 320w, https:\/\/telematch.ca\/wp-content\/uploads\/2025\/04\/Google_Play_Store_badge_EN.svg_-300x89.png 300w\" sizes=\"auto, (max-width: 320px) 100vw, 320px\" \/><\/a><\/figure>\n<\/div>\n\n\n\n<div class=\"wp-block-column is-layout-flow wp-block-column-is-layout-flow\" style=\"flex-basis:25%\">\n<figure class=\"wp-block-image aligncenter size-large is-resized\"><img decoding=\"async\" src=\"https:\/\/telematch.ca\/wp-content\/uploads\/2025\/06\/android-499x1024.png\" alt=\"\" class=\"wp-image-1747\" style=\"width:256px\"\/><\/figure>\n<\/div>\n<\/div>\n<\/div>\n\n\n\n<div class=\"wp-block-group alignfull has-global-padding is-layout-constrained wp-container-core-group-is-layout-6e580568 wp-block-group-is-layout-constrained\" style=\"margin-top:0;margin-bottom:0;padding-top:var(--wp--preset--spacing--20);padding-bottom:0\">\n<h2 class=\"wp-block-heading alignwide has-text-align-center has-x-large-font-size\" style=\"margin-top:var(--wp--preset--spacing--20);margin-bottom:var(--wp--preset--spacing--40)\">Quelle que soit la mani\u00e8re dont vous souhaitez vous connecter<\/h2>\n\n\n\n<div class=\"wp-block-columns alignwide is-layout-flex wp-container-core-columns-is-layout-18ffe536 wp-block-columns-is-layout-flex\" style=\"margin-top:var(--wp--preset--spacing--30);margin-bottom:var(--wp--preset--spacing--30)\">\n<div class=\"wp-block-column has-background is-layout-flow wp-block-column-is-layout-flow\" style=\"border-radius:10px;background-color:#f4f4f5;padding-top:var(--wp--preset--spacing--30);padding-right:var(--wp--preset--spacing--30);padding-bottom:var(--wp--preset--spacing--30);padding-left:var(--wp--preset--spacing--30)\">\n<figure class=\"wp-block-image aligncenter size-full is-resized\" style=\"margin-bottom:0\"><img decoding=\"async\" src=\"https:\/\/telematch.ca\/wp-content\/uploads\/2025\/06\/AppChat.png\" alt=\"\" class=\"wp-image-1728\" style=\"aspect-ratio:1;object-fit:cover;width:100px\"\/><\/figure>\n\n\n\n<p class=\"has-medium-font-size\" style=\"margin-top:var(--wp--preset--spacing--20);margin-bottom:0\">Enregistrez un message de profil ET envoyez et recevez des messages audio priv\u00e9s d&#039;autres utilisateurs.<\/p>\n<\/div>\n\n\n\n<div class=\"wp-block-column has-background is-layout-flow wp-block-column-is-layout-flow\" style=\"border-radius:10px;background-color:#f4f4f5;padding-top:var(--wp--preset--spacing--30);padding-right:var(--wp--preset--spacing--30);padding-bottom:var(--wp--preset--spacing--30);padding-left:var(--wp--preset--spacing--30)\">\n<figure class=\"wp-block-image aligncenter size-full is-resized\" style=\"margin-bottom:0\"><img decoding=\"async\" src=\"https:\/\/telematch.ca\/wp-content\/uploads\/2025\/06\/AppPhone.png\" alt=\"\" class=\"wp-image-1733\" style=\"aspect-ratio:1;object-fit:cover;width:100px\"\/><\/figure>\n\n\n\n<p class=\"has-medium-font-size\" style=\"margin-top:var(--wp--preset--spacing--20);padding-top:0;padding-bottom:0\">Connectez-vous en direct avec qui vous voulez. C&#039;est priv\u00e9 et confidentiel\u00a0!<\/p>\n<\/div>\n\n\n\n<div class=\"wp-block-column has-background is-layout-flow wp-block-column-is-layout-flow\" style=\"border-radius:10px;background-color:#f4f4f5;padding-top:var(--wp--preset--spacing--30);padding-right:var(--wp--preset--spacing--30);padding-bottom:var(--wp--preset--spacing--30);padding-left:var(--wp--preset--spacing--30)\">\n<figure class=\"wp-block-image aligncenter size-full is-resized\" style=\"margin-bottom:0\"><img decoding=\"async\" src=\"https:\/\/telematch.ca\/wp-content\/uploads\/2025\/06\/AppHeart.png\" alt=\"\" class=\"wp-image-1732\" style=\"aspect-ratio:1;object-fit:cover;width:100px\"\/><\/figure>\n\n\n\n<p class=\"has-medium-font-size\" style=\"margin-top:var(--wp--preset--spacing--20)\">Vous souhaitez enregistrer un profil pour le retrouver facilement plus tard\u00a0? Appuyez simplement sur l&#039;ic\u00f4ne en forme de c\u0153ur sur un profil et il sera ajout\u00e9 \u00e0 vos \u00ab\u00a0Favoris\u00a0\u00bb en bas de votre \u00e9cran.<\/p>\n<\/div>\n<\/div>\n<\/div>","protected":false},"excerpt":{"rendered":"<p>Find fun, local singles near you \u2013 anywhere, anytime. Download the Night Exchange app for iOS or Android and start meeting exciting new singles today. Talk&nbsp;live&nbsp;one-one-one or strike up a conversation with&nbsp;voice&nbsp;messages. iPhone Night Exchange for iOS is the obvious choice for singles looking to connect! You\u2019ll love all the features and messaging options. You\u2019ve [&hellip;]<\/p>\n","protected":false},"author":1,"featured_media":0,"parent":0,"menu_order":0,"comment_status":"closed","ping_status":"closed","template":"page-no-title","meta":{"footnotes":""},"class_list":["post-125","page","type-page","status-publish","hentry"],"_links":{"self":[{"href":"https:\/\/telematch.ca\/fr\/wp-json\/wp\/v2\/pages\/125","targetHints":{"allow":["GET"]}}],"collection":[{"href":"https:\/\/telematch.ca\/fr\/wp-json\/wp\/v2\/pages"}],"about":[{"href":"https:\/\/telematch.ca\/fr\/wp-json\/wp\/v2\/types\/page"}],"author":[{"embeddable":true,"href":"https:\/\/telematch.ca\/fr\/wp-json\/wp\/v2\/users\/1"}],"replies":[{"embeddable":true,"href":"https:\/\/telematch.ca\/fr\/wp-json\/wp\/v2\/comments?post=125"}],"version-history":[{"count":0,"href":"https:\/\/telematch.ca\/fr\/wp-json\/wp\/v2\/pages\/125\/revisions"}],"wp:attachment":[{"href":"https:\/\/telematch.ca\/fr\/wp-json\/wp\/v2\/media?parent=125"}],"curies":[{"name":"wp","href":"https:\/\/api.w.org\/{rel}","templated":true}]}}