{"id":12,"date":"2024-11-10T10:20:11","date_gmt":"2024-11-10T10:20:11","guid":{"rendered":"https:\/\/telematch.ca\/home\/"},"modified":"2025-07-31T16:12:03","modified_gmt":"2025-07-31T20:12:03","slug":"home","status":"publish","type":"page","link":"https:\/\/telematch.ca\/fr\/","title":{"rendered":"Maison"},"content":{"rendered":"<div class=\"wp-block-cover alignfull has-custom-content-position is-position-top-center my-cover-block\" style=\"min-height:525px;aspect-ratio:unset;\"><img loading=\"lazy\" decoding=\"async\" width=\"1600\" height=\"650\" sizes=\"auto, (max-width: 799px) 200vw, (max-width: 1600px) 100vw, 1600px\" class=\"wp-block-cover__image-background wp-image-2097 size-full\" alt=\"\" src=\"https:\/\/telematch.ca\/wp-content\/uploads\/2025\/07\/TeleMatch-Main-Alt1.jpg\" style=\"object-position:25% 38%\" data-object-fit=\"cover\" data-object-position=\"25% 38%\" srcset=\"https:\/\/telematch.ca\/wp-content\/uploads\/2025\/07\/TeleMatch-Main-Alt1.jpg 1600w, https:\/\/telematch.ca\/wp-content\/uploads\/2025\/07\/TeleMatch-Main-Alt1-300x122.jpg 300w, https:\/\/telematch.ca\/wp-content\/uploads\/2025\/07\/TeleMatch-Main-Alt1-1024x416.jpg 1024w, https:\/\/telematch.ca\/wp-content\/uploads\/2025\/07\/TeleMatch-Main-Alt1-768x312.jpg 768w, https:\/\/telematch.ca\/wp-content\/uploads\/2025\/07\/TeleMatch-Main-Alt1-1536x624.jpg 1536w\" \/><span aria-hidden=\"true\" class=\"wp-block-cover__background has-background-dim-0 has-background-dim\" style=\"background-color:#46454b\"><\/span><div class=\"wp-block-cover__inner-container has-global-padding is-layout-constrained wp-block-cover-is-layout-constrained\">\n<div class=\"wp-block-group alignwide has-global-padding is-content-justification-right is-layout-constrained wp-container-core-group-is-layout-b0de72d8 wp-block-group-is-layout-constrained\" style=\"margin-top:var(--wp--preset--spacing--50);margin-bottom:0\">\n<div class=\"wp-block-group has-global-padding is-content-justification-right is-layout-constrained wp-container-core-group-is-layout-adaf2a9a wp-block-group-is-layout-constrained\" style=\"padding-top:0;padding-right:0;padding-bottom:0;padding-left:0\">\n<h2 class=\"wp-block-heading has-xx-large-font-size\"><strong>T\u00e9l\u00e9match<\/strong><\/h2>\n\n\n\n<p class=\"has-large-font-size\" style=\"margin-top:0;margin-bottom:0;padding-top:0;padding-bottom:0\">Entrez en contact avec de vrais c\u00e9libataires.<\/p>\n\n\n\n<div class=\"wp-block-group has-global-padding is-layout-constrained wp-container-core-group-is-layout-fb4bd96d wp-block-group-is-layout-constrained\" style=\"margin-top:var(--wp--preset--spacing--30);margin-bottom:var(--wp--preset--spacing--30);padding-top:0;padding-bottom:0\">\n<div class=\"wp-block-group has-x-large-font-size is-nowrap is-layout-flex wp-container-core-group-is-layout-6c531013 wp-block-group-is-layout-flex\" style=\"font-style:normal;font-weight:700\">\n<p class=\"my-paragraph\" style=\"line-height: 1.1; margin: 0;\">\n  Discutez en direct maintenant - \n  <span class=\"mobile-break\"><\/span>\n  <span style=\"color: #d8b4fe;\">ESSAYEZ-LE GRATUITEMENT!<\/span>\n<\/p>\n<\/div>\n\n\n\n<div class=\"wp-block-group has-x-large-font-size is-nowrap is-layout-flex wp-container-core-group-is-layout-879c0eda wp-block-group-is-layout-flex\" style=\"margin-top:0;margin-bottom:0;padding-top:0;padding-right:0;padding-bottom:0;padding-left:0\">\n<span style=\"display: inline-block; white-space: nowrap; ; line-height: 1.2; margin: 0;\">\n  Appeler \n  <span class=\"live-phone\" style=\"min-width: 50px; display: inline-block; font-weight: bold;\"><\/span>\n<\/span>\n<\/div>\n\n\n\n<div class=\"wp-block-group has-large-font-size is-nowrap is-layout-flex wp-container-core-group-is-layout-2945df10 wp-block-group-is-layout-flex\" style=\"margin-top:var(--wp--preset--spacing--20);margin-bottom:0\">\n<span class=\"my-paragraph\" \n style=\"white-space: nowrap;\">\n  Discutez avec des c\u00e9libataires \u00e0 \n  <span class=\"live-city\" style=\"min-width: 50px; display: inline-block; font-weight: bold;\"><\/span>\n<\/span>\n<\/div>\n\n\n\n<div class=\"wp-block-group has-small-font-size is-nowrap is-layout-flex wp-container-core-group-is-layout-e1411b87 wp-block-group-is-layout-flex\" style=\"margin-top:var(--wp--preset--spacing--30)\">\n<style>\n  @media (max-width: 480px) {\n    .location-wrapper {\n      flex-direction: column;\n      gap: 0;\n      align-items: flex-start !important;\n    }\n  }\n<\/style>\n\n<div class=\"location-wrapper\" style=\"display: flex; justify-content: space-between; align-items: center; gap: 20px;\">\n  <p style=\"margin: 0;\">\n    Ce n'est pas votre ville ?<br>\n    code pour obtenir votre num\u00e9ro.\n  <\/p>\n  <div>\n    \n        <div class=\"fmg-geo-location-app\"><\/div>\n        <div id=\"fmg-geo-modal-root\"><\/div>\n    \n  <\/div>\n<\/div>\n<\/div>\n<\/div>\n\n\n\n<p class=\"has-small-font-size\" style=\"margin-top:0;padding-top:0;padding-bottom:0\">Vous devez \u00eatre \u00e2g\u00e9 d'au moins 18 ans pour utiliser notre service.<\/p>\n<\/div>\n<\/div>\n<\/div><\/div>\n\n\n\n<div class=\"wp-block-group alignwide has-global-padding is-layout-constrained wp-container-core-group-is-layout-04ad131d wp-block-group-is-layout-constrained\" style=\"min-height:0vh;margin-top:0;margin-bottom:0;padding-top:var(--wp--preset--spacing--50);padding-right:var(--wp--preset--spacing--70);padding-bottom:0;padding-left:var(--wp--preset--spacing--70)\">\n<h2 class=\"wp-block-heading alignwide has-text-align-center has-x-large-font-size\" style=\"font-style:normal;font-weight:700\">Telematch vous met en relation avec de vrais c\u00e9libataires de votre r\u00e9gion.<\/h2>\n\n\n\n<h2 class=\"wp-block-heading alignwide has-text-align-center has-large-font-size\">Pour les relations, les rencontres et les relations occasionnelles, T\u00e9l\u00e9match est la ligne de chat et de rencontres bilingue pr\u00e9f\u00e9r\u00e9e du Qu\u00e9bec. Rejoignez T\u00e9l\u00e9match et cr\u00e9ez gratuitement votre profil, d\u00e9crivez-vous et vos centres d'int\u00e9r\u00eat, participez \u00e0 l'ambiance festive et anim\u00e9e, parcourez les profils personnels et rencontrez de nouveaux c\u00e9libataires locaux ! Tout se passe en ce moment m\u00eame sur T\u00e9l\u00e9match!<\/h2>\n\n\n\n<p class=\"has-text-align-center has-accent-1-color has-text-color has-link-color has-x-large-font-size wp-elements-7f8f91a388ab6f421daca41a521e37c3\" style=\"font-style:normal;font-weight:700\">Essayez-le GRATUITEMENT !<\/p>\n<\/div>\n\n\n\n<div class=\"wp-block-columns alignfull is-layout-flex wp-container-core-columns-is-layout-ae7ea763 wp-block-columns-is-layout-flex\" style=\"margin-bottom:0;padding-right:0;padding-left:0\">\n<div class=\"wp-block-column is-vertically-aligned-top mobile-margin is-layout-flow wp-container-core-column-is-layout-92680486 wp-block-column-is-layout-flow\" style=\"padding-top:var(--wp--preset--spacing--20);padding-right:5px;padding-bottom:0;padding-left:var(--wp--preset--spacing--20);flex-basis:50%\">\n<div class=\"wp-block-cover is-light has-custom-content-position is-position-bottom-center has-base-color has-text-color has-link-color wp-elements-06c127660fe561b3f8f9da23975bcb1b\" style=\"min-height:500px;aspect-ratio:unset;\"><img loading=\"lazy\" decoding=\"async\" width=\"1024\" height=\"768\" sizes=\"auto, (max-width: 799px) 200vw, (max-width: 2560px) 100vw, 2560px\" class=\"wp-block-cover__image-background wp-image-2162 size-large\" alt=\"\" src=\"https:\/\/telematch.ca\/wp-content\/uploads\/2025\/07\/For-women2-1024x768.jpg\" style=\"object-position:36% 17%\" data-object-fit=\"cover\" data-object-position=\"36% 17%\" srcset=\"https:\/\/telematch.ca\/wp-content\/uploads\/2025\/07\/For-women2-1024x768.jpg 1024w, https:\/\/telematch.ca\/wp-content\/uploads\/2025\/07\/For-women2-300x225.jpg 300w, https:\/\/telematch.ca\/wp-content\/uploads\/2025\/07\/For-women2-768x576.jpg 768w, https:\/\/telematch.ca\/wp-content\/uploads\/2025\/07\/For-women2-1536x1152.jpg 1536w, https:\/\/telematch.ca\/wp-content\/uploads\/2025\/07\/For-women2-2048x1536.jpg 2048w, https:\/\/telematch.ca\/wp-content\/uploads\/2025\/07\/For-women2-16x12.jpg 16w\" \/><span aria-hidden=\"true\" class=\"wp-block-cover__background has-background-dim-10 has-background-dim\" style=\"background-color:#979797\"><\/span><div class=\"wp-block-cover__inner-container has-global-padding is-layout-constrained wp-block-cover-is-layout-constrained\">\n<div class=\"wp-block-group alignwide has-global-padding is-content-justification-center is-layout-constrained wp-block-group-is-layout-constrained\" style=\"margin-bottom:var(--wp--preset--spacing--50)\">\n<h2 class=\"wp-block-heading has-text-align-center\">T\u00e9l\u00e9match pour femmes<\/h2>\n\n\n\n<p class=\"has-text-align-center has-large-font-size\">Telematch est toujours gratuit pour les femmes\u2026.<\/p>\n\n\n\n<div class=\"wp-block-buttons is-content-justification-center is-layout-flex wp-container-core-buttons-is-layout-a89b3969 wp-block-buttons-is-layout-flex\">\n<div class=\"wp-block-button\"><a class=\"wp-block-button__link has-accent-1-background-color has-background has-medium-font-size has-custom-font-size wp-element-button\" href=\"https:\/\/telematch.ca\/fr\/for-women\/\" style=\"padding-top:var(--wp--preset--spacing--20);padding-right:var(--wp--preset--spacing--30);padding-bottom:var(--wp--preset--spacing--20);padding-left:var(--wp--preset--spacing--30)\">Avantages pour les femmes<\/a><\/div>\n<\/div>\n<\/div>\n<\/div><\/div>\n<\/div>\n\n\n\n<div class=\"wp-block-column is-vertically-aligned-top mobile-margin is-layout-flow wp-block-column-is-layout-flow\" style=\"border-style:none;border-width:0px;padding-top:var(--wp--preset--spacing--20);padding-right:var(--wp--preset--spacing--20);padding-bottom:0;padding-left:5px;flex-basis:50%\">\n<div class=\"wp-block-cover has-custom-content-position is-position-bottom-center\" style=\"min-height:500px;aspect-ratio:unset;\"><img loading=\"lazy\" decoding=\"async\" width=\"1024\" height=\"768\" sizes=\"auto, (max-width: 799px) 200vw, (max-width: 2560px) 100vw, 2560px\" class=\"wp-block-cover__image-background wp-image-2161 size-large\" alt=\"\" src=\"https:\/\/telematch.ca\/wp-content\/uploads\/2025\/07\/For-men2-1024x768.jpg\" style=\"object-position:36% 21%\" data-object-fit=\"cover\" data-object-position=\"36% 21%\" srcset=\"https:\/\/telematch.ca\/wp-content\/uploads\/2025\/07\/For-men2-1024x768.jpg 1024w, https:\/\/telematch.ca\/wp-content\/uploads\/2025\/07\/For-men2-300x225.jpg 300w, https:\/\/telematch.ca\/wp-content\/uploads\/2025\/07\/For-men2-768x576.jpg 768w, https:\/\/telematch.ca\/wp-content\/uploads\/2025\/07\/For-men2-1536x1152.jpg 1536w, https:\/\/telematch.ca\/wp-content\/uploads\/2025\/07\/For-men2-2048x1536.jpg 2048w, https:\/\/telematch.ca\/wp-content\/uploads\/2025\/07\/For-men2-16x12.jpg 16w\" \/><span aria-hidden=\"true\" class=\"wp-block-cover__background has-background-dim-0 has-background-dim\" style=\"background-color:#6f6f71\"><\/span><div class=\"wp-block-cover__inner-container has-global-padding is-layout-constrained wp-block-cover-is-layout-constrained\">\n<div class=\"wp-block-group alignwide has-global-padding is-content-justification-center is-layout-constrained wp-block-group-is-layout-constrained\" style=\"margin-bottom:var(--wp--preset--spacing--50)\">\n<h2 class=\"wp-block-heading has-text-align-center\">Telematch pour hommes<\/h2>\n\n\n\n<p class=\"has-text-align-center has-large-font-size\">Telematch est un essai gratuit pour les hommes\u2026<\/p>\n\n\n\n<div class=\"wp-block-buttons is-content-justification-center is-layout-flex wp-container-core-buttons-is-layout-a89b3969 wp-block-buttons-is-layout-flex\">\n<div class=\"wp-block-button\"><a class=\"wp-block-button__link has-accent-1-background-color has-background wp-element-button\" href=\"https:\/\/telematch.ca\/fr\/for-men\/\" style=\"padding-top:var(--wp--preset--spacing--20);padding-right:var(--wp--preset--spacing--30);padding-bottom:var(--wp--preset--spacing--20);padding-left:var(--wp--preset--spacing--30)\">Commencez votre essai gratuit<\/a><\/div>\n<\/div>\n<\/div>\n<\/div><\/div>\n<\/div>\n<\/div>\n\n\n\n<div class=\"wp-block-columns alignfull is-layout-flex wp-container-core-columns-is-layout-954c6df9 wp-block-columns-is-layout-flex\" style=\"margin-top:0;margin-bottom:0;padding-top:0;padding-right:0;padding-bottom:0;padding-left:0\">\n<div class=\"wp-block-column is-vertically-aligned-top mobile-margin is-layout-flow wp-block-column-is-layout-flow\" style=\"border-style:none;border-width:0px;padding-top:var(--wp--preset--spacing--20);padding-right:var(--wp--preset--spacing--20);padding-bottom:0;padding-left:var(--wp--preset--spacing--20);flex-basis:100%\">\n<div class=\"wp-block-cover has-custom-content-position is-position-bottom-center\" style=\"min-height:700px;aspect-ratio:unset;\"><img loading=\"lazy\" decoding=\"async\" width=\"1024\" height=\"768\" sizes=\"auto, (max-width: 799px) 200vw, (max-width: 2560px) 100vw, 2560px\" class=\"wp-block-cover__image-background wp-image-2135 size-large\" alt=\"\" src=\"https:\/\/telematch.ca\/wp-content\/uploads\/2025\/07\/Buy-Packages-2-1024x768.jpg\" style=\"object-position:59% 35%\" data-object-fit=\"cover\" data-object-position=\"59% 35%\" srcset=\"https:\/\/telematch.ca\/wp-content\/uploads\/2025\/07\/Buy-Packages-2-1024x768.jpg 1024w, https:\/\/telematch.ca\/wp-content\/uploads\/2025\/07\/Buy-Packages-2-300x225.jpg 300w, https:\/\/telematch.ca\/wp-content\/uploads\/2025\/07\/Buy-Packages-2-768x576.jpg 768w, https:\/\/telematch.ca\/wp-content\/uploads\/2025\/07\/Buy-Packages-2-1536x1152.jpg 1536w, https:\/\/telematch.ca\/wp-content\/uploads\/2025\/07\/Buy-Packages-2-2048x1536.jpg 2048w\" \/><span aria-hidden=\"true\" class=\"wp-block-cover__background has-background-dim-20 has-background-dim\" style=\"background-color:#777777\"><\/span><div class=\"wp-block-cover__inner-container has-global-padding is-layout-constrained wp-block-cover-is-layout-constrained\">\n<div class=\"wp-block-group alignwide has-base-color has-text-color has-link-color wp-elements-ec80309cc6cf5051ec0e9793965a99a8 has-global-padding is-content-justification-center is-layout-constrained wp-block-group-is-layout-constrained\" style=\"margin-bottom:var(--wp--preset--spacing--50)\">\n<h2 class=\"wp-block-heading has-text-align-center\">Acheter des forfaits<\/h2>\n\n\n\n<p class=\"has-text-align-center has-large-font-size\">Telematch offre de nombreux avantages aux membres\u2026<\/p>\n\n\n\n<div class=\"wp-block-buttons is-content-justification-center is-layout-flex wp-container-core-buttons-is-layout-a89b3969 wp-block-buttons-is-layout-flex\">\n<div class=\"wp-block-button\"><a class=\"wp-block-button__link has-accent-1-background-color has-background wp-element-button\" href=\"https:\/\/telematch.ca\/fr\/buy\/\" style=\"padding-top:var(--wp--preset--spacing--20);padding-right:var(--wp--preset--spacing--30);padding-bottom:var(--wp--preset--spacing--20);padding-left:var(--wp--preset--spacing--30)\">Achetez du temps sur Telematch<\/a><\/div>\n<\/div>\n<\/div>\n<\/div><\/div>\n<\/div>\n<\/div>","protected":false},"excerpt":{"rendered":"<p>Telematch Connects You With Real, Local Singles. For relationships, dating and casual connections, TeleMatch is Quebec\u2019s favourite bilingual chat and dating line. Join TeleMatch and submit a free profile, describe yourself and what you\u2019re into, join in on the fun &amp; excitement, browse personal profiles and meet great new local singles! It\u2019s all happening right [&hellip;]<\/p>\n","protected":false},"author":1,"featured_media":0,"parent":0,"menu_order":0,"comment_status":"closed","ping_status":"closed","template":"page-no-title","meta":{"footnotes":""},"class_list":["post-12","page","type-page","status-publish","hentry"],"_links":{"self":[{"href":"https:\/\/telematch.ca\/fr\/wp-json\/wp\/v2\/pages\/12","targetHints":{"allow":["GET"]}}],"collection":[{"href":"https:\/\/telematch.ca\/fr\/wp-json\/wp\/v2\/pages"}],"about":[{"href":"https:\/\/telematch.ca\/fr\/wp-json\/wp\/v2\/types\/page"}],"author":[{"embeddable":true,"href":"https:\/\/telematch.ca\/fr\/wp-json\/wp\/v2\/users\/1"}],"replies":[{"embeddable":true,"href":"https:\/\/telematch.ca\/fr\/wp-json\/wp\/v2\/comments?post=12"}],"version-history":[{"count":2,"href":"https:\/\/telematch.ca\/fr\/wp-json\/wp\/v2\/pages\/12\/revisions"}],"predecessor-version":[{"id":2163,"href":"https:\/\/telematch.ca\/fr\/wp-json\/wp\/v2\/pages\/12\/revisions\/2163"}],"wp:attachment":[{"href":"https:\/\/telematch.ca\/fr\/wp-json\/wp\/v2\/media?parent=12"}],"curies":[{"name":"wp","href":"https:\/\/api.w.org\/{rel}","templated":true}]}}