{"id":114,"date":"2025-04-15T12:51:36","date_gmt":"2025-04-15T16:51:36","guid":{"rendered":"https:\/\/telematch.ca\/?page_id=114"},"modified":"2025-07-21T13:51:29","modified_gmt":"2025-07-21T17:51:29","slug":"login","status":"publish","type":"page","link":"https:\/\/telematch.ca\/fr\/login\/","title":{"rendered":"Login"},"content":{"rendered":"<h2 class=\"wp-block-heading alignwide has-text-align-center has-contrast-color has-text-color has-link-color has-x-large-font-size wp-elements-1e2d720c7acda20f941ed4f5cf6e3f22\" style=\"margin-top:var(--wp--preset--spacing--40);margin-bottom:var(--wp--preset--spacing--40);font-style:normal;font-weight:700\">Connectez-vous \u00e0 T\u00e9l\u00e9match<\/h2>\n\n\n\n<div class=\"wp-block-columns alignwide are-vertically-aligned-top is-layout-flex wp-container-core-columns-is-layout-1f5a0cdf wp-block-columns-is-layout-flex\" style=\"margin-top:0;margin-bottom:0;padding-top:0;padding-bottom:0\">\n<div class=\"wp-block-column is-layout-flow wp-block-column-is-layout-flow\">\n<iframe\n  id=\"my-iframe\"\n  src=\"https:\/\/secure.telematch.ca\/login\"\n  width=\"100%\"\n  height=\"300px\"\n  style=\"border: none;\"\n><\/iframe>\n\n<script>\n  function initIframeHeightListener() {\n    window.addEventListener(\"message\", (event) => {\n      if (event.data?.iframeHeight) {\n        const iframe = document.getElementById(\"my-iframe\");\n        iframe.style.height = event.data.iframeHeight + \"px\";\n      }\n    });\n  }\n<\/script>\n<\/div>\n\n\n\n<div class=\"wp-block-column is-vertically-aligned-top is-layout-flow wp-block-column-is-layout-flow\" style=\"padding-top:0;padding-bottom:0;flex-basis:40%\">\n<div class=\"wp-block-group has-background has-global-padding is-layout-constrained wp-container-core-group-is-layout-52009084 wp-block-group-is-layout-constrained\" style=\"border-radius:12px;background-color:#f4f4f5;padding-top:var(--wp--preset--spacing--40);padding-right:var(--wp--preset--spacing--40);padding-bottom:var(--wp--preset--spacing--40);padding-left:var(--wp--preset--spacing--40)\">\n<p class=\"has-large-font-size\"><strong>Besoin d&#039;aide?<\/strong><\/p>\n\n\n\n<p class=\"has-link-color wp-elements-2e4acce1f189b38c3105ea157a85773a\" style=\"margin-top:var(--wp--preset--spacing--20)\">Appelez notre service client amical sans frais au <strong><mark style=\"background-color:rgba(0, 0, 0, 0)\" class=\"has-inline-color has-accent-1-color\"><strong><mark style=\"background-color:rgba(0, 0, 0, 0)\" class=\"has-inline-color has-accent-1-color\"><a href=\"tel:8004193388\"><\/a><\/mark><\/strong><\/mark><\/strong><a href=\"tel:8665823434\"><strong>(866) 582-3434<\/strong><\/a>.<\/p>\n\n\n\n<p class=\"has-large-font-size\" style=\"margin-top:var(--wp--preset--spacing--30);line-height:1.2\"><strong>Vous avez oubli\u00e9 votre num\u00e9ro de membre ou votre mot de passe ?<\/strong><\/p>\n\n\n\n<p class=\"has-link-color wp-elements-cbbecbf24a7f7a45e798155c57d1a187\" style=\"margin-top:var(--wp--preset--spacing--20)\">Contactez le service client gratuitement au <strong><mark style=\"background-color:rgba(0, 0, 0, 0)\" class=\"has-inline-color has-accent-1-color\"><strong><mark style=\"background-color:rgba(0, 0, 0, 0)\" class=\"has-inline-color has-accent-1-color\"><a href=\"tel:8004193388\"><\/a><\/mark><\/strong><\/mark><\/strong><a href=\"tel:8665823434\"><strong>(866) 582-3434<\/strong><\/a>Pour votre s\u00e9curit\u00e9, les num\u00e9ros de membres ne sont pas fournis par email.<\/p>\n<\/div>\n<\/div>\n<\/div>","protected":false},"excerpt":{"rendered":"<p>Connectez-vous \u00e0 T\u00e9l\u00e9match<\/p>","protected":false},"author":1,"featured_media":0,"parent":0,"menu_order":0,"comment_status":"closed","ping_status":"closed","template":"page-no-title","meta":{"footnotes":""},"class_list":["post-114","page","type-page","status-publish","hentry"],"_links":{"self":[{"href":"https:\/\/telematch.ca\/fr\/wp-json\/wp\/v2\/pages\/114","targetHints":{"allow":["GET"]}}],"collection":[{"href":"https:\/\/telematch.ca\/fr\/wp-json\/wp\/v2\/pages"}],"about":[{"href":"https:\/\/telematch.ca\/fr\/wp-json\/wp\/v2\/types\/page"}],"author":[{"embeddable":true,"href":"https:\/\/telematch.ca\/fr\/wp-json\/wp\/v2\/users\/1"}],"replies":[{"embeddable":true,"href":"https:\/\/telematch.ca\/fr\/wp-json\/wp\/v2\/comments?post=114"}],"version-history":[{"count":0,"href":"https:\/\/telematch.ca\/fr\/wp-json\/wp\/v2\/pages\/114\/revisions"}],"wp:attachment":[{"href":"https:\/\/telematch.ca\/fr\/wp-json\/wp\/v2\/media?parent=114"}],"curies":[{"name":"wp","href":"https:\/\/api.w.org\/{rel}","templated":true}]}}