{"id":1102,"date":"2025-04-28T16:32:12","date_gmt":"2025-04-28T20:32:12","guid":{"rendered":"https:\/\/telematch.ca\/?page_id=1102"},"modified":"2025-07-21T13:52:18","modified_gmt":"2025-07-21T17:52:18","slug":"safety-tips","status":"publish","type":"page","link":"https:\/\/telematch.ca\/fr\/safety-tips\/","title":{"rendered":"Conseils de s\u00e9curit\u00e9"},"content":{"rendered":"<div class=\"wp-block-cover alignfull has-custom-content-position is-position-top-center my-cover-block\" style=\"min-height:525px;aspect-ratio:unset;\"><img loading=\"lazy\" decoding=\"async\" width=\"1600\" height=\"650\" sizes=\"auto, (max-width: 799px) 200vw, (max-width: 1600px) 100vw, 1600px\" class=\"wp-block-cover__image-background wp-image-2097 size-full\" alt=\"\" src=\"https:\/\/telematch.ca\/wp-content\/uploads\/2025\/07\/TeleMatch-Main-Alt1.jpg\" style=\"object-position:25% 38%\" data-object-fit=\"cover\" data-object-position=\"25% 38%\" srcset=\"https:\/\/telematch.ca\/wp-content\/uploads\/2025\/07\/TeleMatch-Main-Alt1.jpg 1600w, https:\/\/telematch.ca\/wp-content\/uploads\/2025\/07\/TeleMatch-Main-Alt1-300x122.jpg 300w, https:\/\/telematch.ca\/wp-content\/uploads\/2025\/07\/TeleMatch-Main-Alt1-1024x416.jpg 1024w, https:\/\/telematch.ca\/wp-content\/uploads\/2025\/07\/TeleMatch-Main-Alt1-768x312.jpg 768w, https:\/\/telematch.ca\/wp-content\/uploads\/2025\/07\/TeleMatch-Main-Alt1-1536x624.jpg 1536w\" \/><span aria-hidden=\"true\" class=\"wp-block-cover__background has-background-dim-0 has-background-dim\" style=\"background-color:#46454b\"><\/span><div class=\"wp-block-cover__inner-container has-global-padding is-layout-constrained wp-block-cover-is-layout-constrained\">\n<div class=\"wp-block-group alignwide has-global-padding is-content-justification-right is-layout-constrained wp-container-core-group-is-layout-b0de72d8 wp-block-group-is-layout-constrained\" style=\"margin-top:var(--wp--preset--spacing--50);margin-bottom:0\">\n<div class=\"wp-block-group has-global-padding is-content-justification-right is-layout-constrained wp-container-core-group-is-layout-adaf2a9a wp-block-group-is-layout-constrained\" style=\"padding-top:0;padding-right:0;padding-bottom:0;padding-left:0\">\n<h2 class=\"wp-block-heading has-xx-large-font-size\"><strong>T\u00e9l\u00e9match<\/strong><\/h2>\n\n\n\n<p class=\"has-large-font-size\" style=\"margin-top:0;margin-bottom:0;padding-top:0;padding-bottom:0\">Entrez en contact avec de vrais c\u00e9libataires.<\/p>\n\n\n\n<div class=\"wp-block-group has-global-padding is-layout-constrained wp-container-core-group-is-layout-fb4bd96d wp-block-group-is-layout-constrained\" style=\"margin-top:var(--wp--preset--spacing--30);margin-bottom:var(--wp--preset--spacing--30);padding-top:0;padding-bottom:0\">\n<div class=\"wp-block-group has-x-large-font-size is-nowrap is-layout-flex wp-container-core-group-is-layout-6c531013 wp-block-group-is-layout-flex\" style=\"font-style:normal;font-weight:700\">\n<p class=\"my-paragraph\" style=\"line-height: 1.1; margin: 0;\">\n  Discutez en direct maintenant - \n  <span class=\"mobile-break\"><\/span>\n  <span style=\"color: #d8b4fe;\">ESSAYEZ-LE GRATUITEMENT!<\/span>\n<\/p>\n<\/div>\n\n\n\n<div class=\"wp-block-group has-x-large-font-size is-nowrap is-layout-flex wp-container-core-group-is-layout-879c0eda wp-block-group-is-layout-flex\" style=\"margin-top:0;margin-bottom:0;padding-top:0;padding-right:0;padding-bottom:0;padding-left:0\">\n<span style=\"display: inline-block; white-space: nowrap; ; line-height: 1.2; margin: 0;\">\n  Appeler \n  <span class=\"live-phone\" style=\"min-width: 50px; display: inline-block; font-weight: bold;\"><\/span>\n<\/span>\n<\/div>\n\n\n\n<div class=\"wp-block-group has-large-font-size is-nowrap is-layout-flex wp-container-core-group-is-layout-2945df10 wp-block-group-is-layout-flex\" style=\"margin-top:var(--wp--preset--spacing--20);margin-bottom:0\">\n<span class=\"my-paragraph\" \n style=\"white-space: nowrap;\">\n  Discutez avec des c\u00e9libataires \u00e0 \n  <span class=\"live-city\" style=\"min-width: 50px; display: inline-block; font-weight: bold;\"><\/span>\n<\/span>\n<\/div>\n\n\n\n<div class=\"wp-block-group has-small-font-size is-nowrap is-layout-flex wp-container-core-group-is-layout-e1411b87 wp-block-group-is-layout-flex\" style=\"margin-top:var(--wp--preset--spacing--30)\">\n<style>\n  @media (max-width: 480px) {\n    .location-wrapper {\n      flex-direction: column;\n      gap: 0;\n      align-items: flex-start !important;\n    }\n  }\n<\/style>\n\n<div class=\"location-wrapper\" style=\"display: flex; justify-content: space-between; align-items: center; gap: 20px;\">\n  <p style=\"margin: 0;\">\n    Ce n'est pas votre ville ?<br>\n    code pour obtenir votre num\u00e9ro.\n  <\/p>\n  <div>\n    \n        <div class=\"fmg-geo-location-app\"><\/div>\n        <div id=\"fmg-geo-modal-root\"><\/div>\n    \n  <\/div>\n<\/div>\n<\/div>\n<\/div>\n\n\n\n<p class=\"has-small-font-size\" style=\"margin-top:0;padding-top:0;padding-bottom:0\">Vous devez \u00eatre \u00e2g\u00e9 d'au moins 18 ans pour utiliser notre service.<\/p>\n<\/div>\n<\/div>\n<\/div><\/div>\n\n\n\n<div class=\"wp-block-group alignwide has-global-padding is-layout-constrained wp-block-group-is-layout-constrained tw-block-animation tw-animation-fade-in-up\">\n<h2 class=\"wp-block-heading alignwide has-x-large-font-size\" style=\"padding-top:var(--wp--preset--spacing--40);padding-bottom:var(--wp--preset--spacing--30);font-style:normal;font-weight:700\">Conseils de s\u00e9curit\u00e9<\/h2>\n\n\n\n<div class=\"wp-block-group alignwide is-vertical is-layout-flex wp-container-core-group-is-layout-fe9cc265 wp-block-group-is-layout-flex\">\n<p><strong>T\u00e9l\u00e9match<\/strong> <strong>C&#039;est un moyen amusant, s\u00fbr et priv\u00e9 de rencontrer d&#039;autres c\u00e9libataires pr\u00e8s de chez vous pour des conversations divertissantes\u00a0! C&#039;est un excellent moyen de se faire de nouveaux amis et de rencontrer de nouvelles personnes pr\u00e8s de chez soi. Nous sommes fiers que Telematch<\/strong> <strong>est plein de\u00a0<em>r\u00e9el<\/em>\u00a0c\u00e9libataires locaux. <\/strong><\/p>\n\n\n\n<p>Si vous d\u00e9cidez de poursuivre votre conversation hors ligne et de rencontrer quelqu&#039;un en personne apr\u00e8s avoir discut\u00e9 sur Telematch, nous vous encourageons \u00e0 la prudence et \u00e0 rester en s\u00e9curit\u00e9. Les rencontres en ligne et par t\u00e9l\u00e9phone sont monnaie courante de nos jours, mais nous vous encourageons \u00e0 prendre soin de vous et \u00e0 lire attentivement les conseils de s\u00e9curit\u00e9 suivants. Veuillez noter que Telematch n&#039;est en aucun cas responsable des rencontres hors ligne.<\/p>\n\n\n\n<h3 class=\"wp-block-heading\"><strong>Prot\u00e9gez vos informations personnelles<\/strong><\/h3>\n\n\n\n<p>Telematch est enti\u00e8rement priv\u00e9 et confidentiel. Vos coordonn\u00e9es sont donc gard\u00e9es secr\u00e8tes et ne sont jamais communiqu\u00e9es \u00e0 d&#039;autres membres. Cependant, vous pouvez d\u00e9cider de communiquer votre vrai num\u00e9ro de t\u00e9l\u00e9phone \u00e0 un autre utilisateur lors d&#039;une connexion en direct ou de mentionner votre nom complet. Si vous d\u00e9cidez de partager des informations personnelles avec une personne que vous ne connaissez pas parfaitement, sachez qu&#039;il existe un risque. Nous recommandons vivement \u00e0 tous les utilisateurs de Telematch, et aux internautes en g\u00e9n\u00e9ral, de prot\u00e9ger leurs informations personnelles et leurs coordonn\u00e9es, surtout lorsqu&#039;ils sont en contact avec une personne que vous ne connaissez pas encore vraiment.<\/p>\n\n\n\n<h3 class=\"wp-block-heading\"><strong>Prenez votre temps et profitez de la conversation<\/strong><\/h3>\n\n\n\n<p>Si quelqu&#039;un vous met la pression pour le rencontrer en personne ou \u00e9changer vos coordonn\u00e9es, mais que vous n&#039;avez presque pas parl\u00e9, c&#039;est un signal d&#039;alarme. Allez-y doucement et profitez de la conversation\u00a0\u2013 pourquoi se pr\u00e9cipiter\u00a0?! S&#039;il y a un\u00a0<em>r\u00e9el<\/em>\u00a0Si vous ressentez une connexion mutuelle, l&#039;autre personne respectera et comprendra votre souhait de discuter au moins quelques fois avant de poursuivre la relation hors ligne. Si un autre utilisateur vous met mal \u00e0 l&#039;aise, vous pouvez facilement l&#039;emp\u00eacher de vous contacter via Telematch et nous vous encourageons \u00e0 le signaler au service client. Nous ne pouvons \u00eatre tenus responsables des communications hors ligne. Assurez-vous donc que tout \u00e9change d&#039;informations personnelles vous convient parfaitement.<\/p>\n\n\n\n<h3 class=\"wp-block-heading\"><strong>Faites quelques recherches avant de vous rencontrer<\/strong><\/h3>\n\n\n\n<p>Cela peut para\u00eetre un peu exag\u00e9r\u00e9, mais faire quelques recherches en ligne sur une personne avec qui vous envisagez un rendez-vous ou une relation est tout \u00e0 fait normal de nos jours. On n&#039;est jamais trop prudent, c&#039;est pourquoi nous encourageons tous nos utilisateurs \u00e0 prendre le temps de bien se renseigner sur la personne qu&#039;ils envisagent de rencontrer hors ligne avant de la rencontrer. Cela peut impliquer de faire quelques recherches, de consulter quelques r\u00e9seaux sociaux, voire de v\u00e9rifier ses ant\u00e9c\u00e9dents. La mani\u00e8re dont vous effectuez vos recherches vous appartient, mais nous vous encourageons toujours \u00e0 prendre une d\u00e9cision \u00e9clair\u00e9e.<\/p>\n\n\n\n<h3 class=\"wp-block-heading\"><strong>Rencontrez-vous dans un lieu s\u00fbr, neutre et public<\/strong><\/h3>\n\n\n\n<p>Ne rencontrez JAMAIS quelqu&#039;un pour la premi\u00e8re fois chez lui, ni dans un endroit isol\u00e9 ou sans issue de secours. Nous recommandons de se rencontrer dans un lieu public, s\u00fbr et neutre. Qu&#039;est-ce que cela signifie\u00a0? Un lieu s\u00fbr est un endroit o\u00f9 vous vous sentez \u00e0 l&#039;aise, bien \u00e9clair\u00e9, avec une issue de secours facile d&#039;acc\u00e8s et o\u00f9 vous passez habituellement votre temps, comme un caf\u00e9 ou un restaurant populaire. Un lieu neutre est un endroit o\u00f9 vous pourriez vous rendre seul un jour normal, comme une librairie, un restaurant ou un autre \u00e9tablissement public. Un lieu neutre n&#039;est ni \u00ab\u00a0chez vous\u00a0\u00bb ni \u00ab\u00a0chez lui\u00a0\u00bb. Un lieu public est un endroit o\u00f9 vous n&#039;\u00eates pas seul et o\u00f9 il y a du monde autour, comme un centre commercial, un cin\u00e9ma ou une f\u00eate foraine.<\/p>\n\n\n\n<p>Si vous devez conduire pour vous rendre \u00e0 votre rendez-vous, nous vous recommandons de le faire vous-m\u00eame ou d&#039;utiliser les transports en commun. Il est d\u00e9conseill\u00e9 de monter dans un v\u00e9hicule avec une personne que vous ne connaissez pas. Si la personne que vous rencontrez propose ou insiste pour venir vous chercher, d\u00e9clinez poliment et indiquez-lui que vous la retrouverez sur place.<\/p>\n\n\n\n<p>Si vous vous sentez oblig\u00e9 de rencontrer quelqu&#039;un dans un endroit qui ne vous semble pas s\u00fbr ou qui vous met mal \u00e0 l&#039;aise, n&#039;y allez pas.&nbsp;<em>r\u00e9el<\/em>&nbsp;Connection comprendra que la s\u00e9curit\u00e9 passe avant tout et vous encouragera \u00e0 vous rencontrer dans un lieu public et neutre. Une fois que vous aurez appris \u00e0 mieux vous conna\u00eetre, vous pourrez toujours changer de lieu de rencontre et aller plus loin, mais ce n&#039;est pas une obligation imm\u00e9diate.<\/p>\n\n\n\n<h3 class=\"wp-block-heading\"><strong>Il est acceptable d&#039;utiliser Telematch<\/strong> <strong>pour parler seulement<\/strong><\/h3>\n\n\n\n<p>Toi\u00a0<strong>ne pas avoir \u00e0 se rencontrer<\/strong>\u00a0Nous vous encourageons vivement \u00e0 utiliser Telematch uniquement pour discuter. C&#039;est pourquoi Telematch a \u00e9t\u00e9 cr\u00e9\u00e9\u00a0! Si vous vous sentez oblig\u00e9 de rencontrer quelqu&#039;un hors ligne, mais que vous n&#039;en avez pas envie, abstenez-vous. De nombreux c\u00e9libataires locaux utilisent Telematch pour se faire des amis par t\u00e9l\u00e9phone, discuter ou faire une pause dans leur quotidien charg\u00e9. C&#039;est normal, tout \u00e0 fait acceptable et cela ne doit jamais mener \u00e0 autre chose.<\/p>\n\n\n\n<h3 class=\"wp-block-heading\"><strong>Prenez toujours vos propres dispositions de voyage<\/strong><\/h3>\n\n\n\n<p>Nous vous conseillons de redoubler de pr\u00e9cautions lorsque vous rencontrez d&#039;autres utilisateurs lors de vos d\u00e9placements. La meilleure chose \u00e0 faire pour rester en s\u00e9curit\u00e9 et passer un bon moment est de&nbsp;<em>toujours<\/em>&nbsp;organisez vous-m\u00eame votre voyage \u2013 et gardez-le priv\u00e9 !<\/p>\n\n\n\n<p>Ne divulguez jamais le nom ni l&#039;adresse de l&#039;h\u00f4tel o\u00f9 vous s\u00e9journez et gardez le num\u00e9ro de votre chambre secret. Gardez vos informations de voyage et de s\u00e9jour secr\u00e8tes et r\u00e9unissez-vous loin de votre lieu de s\u00e9jour, toujours dans un lieu public, s\u00fbr et neutre.<\/p>\n\n\n\n<h3 class=\"wp-block-heading\"><strong>Restez fid\u00e8le \u00e0 vous-m\u00eame et maintenez vos limites<\/strong><\/h3>\n\n\n\n<p>Faites toujours preuve de discernement lorsque vous rencontrez quelqu&#039;un ou envisagez une nouvelle relation. Il est important de rester fid\u00e8le \u00e0 vous-m\u00eame, \u00e0 vos convictions et \u00e0 ce qui vous met \u00e0 l&#039;aise. Ne vous laissez jamais mettre la pression ou forcer \u00e0 transiger. Parfois, il peut \u00eatre utile de d\u00e9finir clairement le type de rencontre physique que vous pr\u00e9voyez. Au lieu de vous limiter \u00e0 un vague \u00ab rendez-vous \u00bb ou \u00ab sortie \u00bb, utilisez des termes comme \u00ab rendez-vous caf\u00e9 \u00bb ou \u00ab soir\u00e9e cin\u00e9ma \u00bb. Cela indique clairement que vous avez l&#039;intention d&#039;aller \u00e0 un endroit pr\u00e9cis et de participer \u00e0 une activit\u00e9 sp\u00e9cifique. Plus vous d\u00e9finirez clairement ce que vous recherchez et ce que vous ne recherchez pas, meilleures seront vos exp\u00e9riences, sur Telematch comme hors ligne.<\/p>\n<\/div>\n<\/div>","protected":false},"excerpt":{"rendered":"<p>Safety Tips Telematch is a fun, safe and private way to meet other local singles for fun conversation! It\u2019s a great way to make new friends and start meeting new people in your own local area. We\u2019re proud that Telematch is full of\u00a0real\u00a0local singles. Should you decide that you want to take your conversation offline [&hellip;]<\/p>\n","protected":false},"author":1,"featured_media":0,"parent":0,"menu_order":0,"comment_status":"closed","ping_status":"closed","template":"page-no-title","meta":{"footnotes":""},"class_list":["post-1102","page","type-page","status-publish","hentry"],"_links":{"self":[{"href":"https:\/\/telematch.ca\/fr\/wp-json\/wp\/v2\/pages\/1102","targetHints":{"allow":["GET"]}}],"collection":[{"href":"https:\/\/telematch.ca\/fr\/wp-json\/wp\/v2\/pages"}],"about":[{"href":"https:\/\/telematch.ca\/fr\/wp-json\/wp\/v2\/types\/page"}],"author":[{"embeddable":true,"href":"https:\/\/telematch.ca\/fr\/wp-json\/wp\/v2\/users\/1"}],"replies":[{"embeddable":true,"href":"https:\/\/telematch.ca\/fr\/wp-json\/wp\/v2\/comments?post=1102"}],"version-history":[{"count":0,"href":"https:\/\/telematch.ca\/fr\/wp-json\/wp\/v2\/pages\/1102\/revisions"}],"wp:attachment":[{"href":"https:\/\/telematch.ca\/fr\/wp-json\/wp\/v2\/media?parent=1102"}],"curies":[{"name":"wp","href":"https:\/\/api.w.org\/{rel}","templated":true}]}}