{"id":1097,"date":"2025-04-28T16:29:11","date_gmt":"2025-04-28T20:29:11","guid":{"rendered":"https:\/\/telematch.ca\/?page_id=1097"},"modified":"2025-04-29T14:18:56","modified_gmt":"2025-04-29T18:18:56","slug":"free-male-chat","status":"publish","type":"page","link":"https:\/\/telematch.ca\/fr\/free-male-chat\/","title":{"rendered":"Chat masculin gratuit"},"content":{"rendered":"<div class=\"wp-block-cover alignfull is-light\" style=\"min-height:525px;aspect-ratio:unset;\"><img loading=\"lazy\" decoding=\"async\" width=\"1024\" height=\"416\" sizes=\"auto, (max-width: 799px) 200vw, (max-width: 1600px) 100vw, 1600px\" class=\"wp-block-cover__image-background wp-image-1372 size-large\" alt=\"\" src=\"https:\/\/telematch.ca\/wp-content\/uploads\/2025\/04\/MaleFreeChat-1024x416.jpg\" style=\"object-position:30% 31%\" data-object-fit=\"cover\" data-object-position=\"30% 31%\" srcset=\"https:\/\/telematch.ca\/wp-content\/uploads\/2025\/04\/MaleFreeChat-1024x416.jpg 1024w, https:\/\/telematch.ca\/wp-content\/uploads\/2025\/04\/MaleFreeChat-300x122.jpg 300w, https:\/\/telematch.ca\/wp-content\/uploads\/2025\/04\/MaleFreeChat-768x312.jpg 768w, https:\/\/telematch.ca\/wp-content\/uploads\/2025\/04\/MaleFreeChat-1536x624.jpg 1536w, https:\/\/telematch.ca\/wp-content\/uploads\/2025\/04\/MaleFreeChat.jpg 1600w\" \/><span aria-hidden=\"true\" class=\"wp-block-cover__background has-background-dim\" style=\"background-color:#a4abb8\"><\/span><div class=\"wp-block-cover__inner-container has-global-padding is-layout-constrained wp-block-cover-is-layout-constrained\">\n<h2 class=\"wp-block-heading has-text-align-center has-x-large-font-size\"><strong>Bienvenue sur le chat masculin gratuit<\/strong><\/h2>\n\n\n\n<p class=\"has-text-align-center has-large-font-size\">Appelez maintenant! 1-866-279-4715 pour participer \u00e0 l&#039;action!<\/p>\n<\/div><\/div>\n\n\n\n<div class=\"wp-block-group alignwide is-vertical is-content-justification-center is-layout-flex wp-container-core-group-is-layout-ce155fab wp-block-group-is-layout-flex\">\n<h2 class=\"wp-block-heading has-large-font-size\"><strong>Bienvenue sur Free Male Chat, la ligne de chat la plus populaire d&#039;Am\u00e9rique du Nord o\u00f9 les hommes parlent gratuitement !<\/strong><\/h2>\n\n\n\n<p class=\"has-large-font-size\">Que vous cherchiez \u00e0 rencontrer de nouveaux amis, un rendez-vous d\u00e9contract\u00e9 ou une relation s\u00e9rieuse, vous trouverez tout cela sur Free Male Chat !<\/p>\n\n\n\n<p class=\"has-large-font-size\">Pour toute demande de support client ou pour devenir membre d\u00e8s aujourd&#039;hui, appelez le 1-866-279-4715<\/p>\n<\/div>","protected":false},"excerpt":{"rendered":"<p>Bienvenue sur Free Male Chat, la ligne de chat la plus populaire d&#039;Am\u00e9rique du Nord o\u00f9 les hommes discutent gratuitement\u00a0! Que vous cherchiez \u00e0 rencontrer de nouveaux amis, \u00e0 faire un rendez-vous sans engagement ou \u00e0 construire une relation s\u00e9rieuse, vous trouverez tout ce qu&#039;il vous faut sur Free Male Chat\u00a0! Pour toute demande d&#039;assistance ou pour devenir membre, appelez le 1-866-279-4715.<\/p>","protected":false},"author":1,"featured_media":0,"parent":0,"menu_order":0,"comment_status":"closed","ping_status":"closed","template":"page-no-title","meta":{"footnotes":""},"class_list":["post-1097","page","type-page","status-publish","hentry"],"_links":{"self":[{"href":"https:\/\/telematch.ca\/fr\/wp-json\/wp\/v2\/pages\/1097","targetHints":{"allow":["GET"]}}],"collection":[{"href":"https:\/\/telematch.ca\/fr\/wp-json\/wp\/v2\/pages"}],"about":[{"href":"https:\/\/telematch.ca\/fr\/wp-json\/wp\/v2\/types\/page"}],"author":[{"embeddable":true,"href":"https:\/\/telematch.ca\/fr\/wp-json\/wp\/v2\/users\/1"}],"replies":[{"embeddable":true,"href":"https:\/\/telematch.ca\/fr\/wp-json\/wp\/v2\/comments?post=1097"}],"version-history":[{"count":0,"href":"https:\/\/telematch.ca\/fr\/wp-json\/wp\/v2\/pages\/1097\/revisions"}],"wp:attachment":[{"href":"https:\/\/telematch.ca\/fr\/wp-json\/wp\/v2\/media?parent=1097"}],"curies":[{"name":"wp","href":"https:\/\/api.w.org\/{rel}","templated":true}]}}