{"id":1095,"date":"2025-04-28T16:26:44","date_gmt":"2025-04-28T20:26:44","guid":{"rendered":"https:\/\/telematch.ca\/?page_id=1095"},"modified":"2025-07-21T13:45:36","modified_gmt":"2025-07-21T17:45:36","slug":"cities","status":"publish","type":"page","link":"https:\/\/telematch.ca\/fr\/cities\/","title":{"rendered":"Villes"},"content":{"rendered":"<div class=\"wp-block-cover alignfull has-custom-content-position is-position-top-center my-cover-block\" style=\"min-height:525px;aspect-ratio:unset;\"><img loading=\"lazy\" decoding=\"async\" width=\"1600\" height=\"650\" sizes=\"auto, (max-width: 799px) 200vw, (max-width: 1600px) 100vw, 1600px\" class=\"wp-block-cover__image-background wp-image-2097 size-full\" alt=\"\" src=\"https:\/\/telematch.ca\/wp-content\/uploads\/2025\/07\/TeleMatch-Main-Alt1.jpg\" style=\"object-position:25% 38%\" data-object-fit=\"cover\" data-object-position=\"25% 38%\" srcset=\"https:\/\/telematch.ca\/wp-content\/uploads\/2025\/07\/TeleMatch-Main-Alt1.jpg 1600w, https:\/\/telematch.ca\/wp-content\/uploads\/2025\/07\/TeleMatch-Main-Alt1-300x122.jpg 300w, https:\/\/telematch.ca\/wp-content\/uploads\/2025\/07\/TeleMatch-Main-Alt1-1024x416.jpg 1024w, https:\/\/telematch.ca\/wp-content\/uploads\/2025\/07\/TeleMatch-Main-Alt1-768x312.jpg 768w, https:\/\/telematch.ca\/wp-content\/uploads\/2025\/07\/TeleMatch-Main-Alt1-1536x624.jpg 1536w\" \/><span aria-hidden=\"true\" class=\"wp-block-cover__background has-background-dim-0 has-background-dim\" style=\"background-color:#46454b\"><\/span><div class=\"wp-block-cover__inner-container has-global-padding is-layout-constrained wp-block-cover-is-layout-constrained\">\n<div class=\"wp-block-group alignwide has-global-padding is-content-justification-right is-layout-constrained wp-container-core-group-is-layout-b0de72d8 wp-block-group-is-layout-constrained\" style=\"margin-top:var(--wp--preset--spacing--50);margin-bottom:0\">\n<div class=\"wp-block-group has-global-padding is-content-justification-right is-layout-constrained wp-container-core-group-is-layout-adaf2a9a wp-block-group-is-layout-constrained\" style=\"padding-top:0;padding-right:0;padding-bottom:0;padding-left:0\">\n<h2 class=\"wp-block-heading has-xx-large-font-size\"><strong>T\u00e9l\u00e9match<\/strong><\/h2>\n\n\n\n<p class=\"has-large-font-size\" style=\"margin-top:0;margin-bottom:0;padding-top:0;padding-bottom:0\">Entrez en contact avec de vrais c\u00e9libataires.<\/p>\n\n\n\n<div class=\"wp-block-group has-global-padding is-layout-constrained wp-container-core-group-is-layout-fb4bd96d wp-block-group-is-layout-constrained\" style=\"margin-top:var(--wp--preset--spacing--30);margin-bottom:var(--wp--preset--spacing--30);padding-top:0;padding-bottom:0\">\n<div class=\"wp-block-group has-x-large-font-size is-nowrap is-layout-flex wp-container-core-group-is-layout-6c531013 wp-block-group-is-layout-flex\" style=\"font-style:normal;font-weight:700\">\n<p class=\"my-paragraph\" style=\"line-height: 1.1; margin: 0;\">\n  Discutez en direct maintenant - \n  <span class=\"mobile-break\"><\/span>\n  <span style=\"color: #d8b4fe;\">ESSAYEZ-LE GRATUITEMENT!<\/span>\n<\/p>\n<\/div>\n\n\n\n<div class=\"wp-block-group has-x-large-font-size is-nowrap is-layout-flex wp-container-core-group-is-layout-879c0eda wp-block-group-is-layout-flex\" style=\"margin-top:0;margin-bottom:0;padding-top:0;padding-right:0;padding-bottom:0;padding-left:0\">\n<span style=\"display: inline-block; white-space: nowrap; ; line-height: 1.2; margin: 0;\">\n  Appeler \n  <span class=\"live-phone\" style=\"min-width: 50px; display: inline-block; font-weight: bold;\"><\/span>\n<\/span>\n<\/div>\n\n\n\n<div class=\"wp-block-group has-large-font-size is-nowrap is-layout-flex wp-container-core-group-is-layout-2945df10 wp-block-group-is-layout-flex\" style=\"margin-top:var(--wp--preset--spacing--20);margin-bottom:0\">\n<span class=\"my-paragraph\" \n style=\"white-space: nowrap;\">\n  Discutez avec des c\u00e9libataires \u00e0 \n  <span class=\"live-city\" style=\"min-width: 50px; display: inline-block; font-weight: bold;\"><\/span>\n<\/span>\n<\/div>\n\n\n\n<div class=\"wp-block-group has-small-font-size is-nowrap is-layout-flex wp-container-core-group-is-layout-e1411b87 wp-block-group-is-layout-flex\" style=\"margin-top:var(--wp--preset--spacing--30)\">\n<style>\n  @media (max-width: 480px) {\n    .location-wrapper {\n      flex-direction: column;\n      gap: 0;\n      align-items: flex-start !important;\n    }\n  }\n<\/style>\n\n<div class=\"location-wrapper\" style=\"display: flex; justify-content: space-between; align-items: center; gap: 20px;\">\n  <p style=\"margin: 0;\">\n    Ce n'est pas votre ville ?<br>\n    code pour obtenir votre num\u00e9ro.\n  <\/p>\n  <div>\n    \n        <div class=\"fmg-geo-location-app\"><\/div>\n        <div id=\"fmg-geo-modal-root\"><\/div>\n    \n  <\/div>\n<\/div>\n<\/div>\n<\/div>\n\n\n\n<p class=\"has-small-font-size\" style=\"margin-top:0;padding-top:0;padding-bottom:0\">Vous devez \u00eatre \u00e2g\u00e9 d'au moins 18 ans pour utiliser notre service.<\/p>\n<\/div>\n<\/div>\n<\/div><\/div>\n\n\n\n<h2 class=\"wp-block-heading alignwide has-x-large-font-size\" style=\"padding-top:var(--wp--preset--spacing--40);padding-bottom:var(--wp--preset--spacing--20);font-style:normal;font-weight:700\">Telematch est disponible dans les villes suivantes :<\/h2>\n\n\n\n<div class=\"wp-block-group alignwide has-global-padding is-layout-constrained wp-container-core-group-is-layout-12243e0f wp-block-group-is-layout-constrained\">\n<div class=\"city-phone-list\">\n  <div><strong>Montr\u00e9al :<\/strong> <a href=\"tel:5143411001\">514-341-1001<\/a><\/div>\n  <div><strong>Ottawa :<\/strong> <a href=\"tel:6134826666\">613-482-6666<\/a><\/div>\n  <div><strong>Qu\u00e9bec :<\/strong> <a href=\"tel:4189480303\">418-948-0303<\/a><\/div>\n  <div><strong>Toronto :<\/strong> <a href=\"tel:4166422121\">416-642-2121<\/a><\/div>\n<\/div>\n\n<\/div>","protected":false},"excerpt":{"rendered":"<p>Telematch est disponible dans les villes suivantes : Montr\u00e9al : 514-341-1001 Ottawa : 613-482-6666 Qu\u00e9bec : 418-948-0303 Toronto : 416-642-2121<\/p>","protected":false},"author":1,"featured_media":0,"parent":0,"menu_order":0,"comment_status":"closed","ping_status":"closed","template":"page-no-title","meta":{"footnotes":""},"class_list":["post-1095","page","type-page","status-publish","hentry"],"_links":{"self":[{"href":"https:\/\/telematch.ca\/fr\/wp-json\/wp\/v2\/pages\/1095","targetHints":{"allow":["GET"]}}],"collection":[{"href":"https:\/\/telematch.ca\/fr\/wp-json\/wp\/v2\/pages"}],"about":[{"href":"https:\/\/telematch.ca\/fr\/wp-json\/wp\/v2\/types\/page"}],"author":[{"embeddable":true,"href":"https:\/\/telematch.ca\/fr\/wp-json\/wp\/v2\/users\/1"}],"replies":[{"embeddable":true,"href":"https:\/\/telematch.ca\/fr\/wp-json\/wp\/v2\/comments?post=1095"}],"version-history":[{"count":0,"href":"https:\/\/telematch.ca\/fr\/wp-json\/wp\/v2\/pages\/1095\/revisions"}],"wp:attachment":[{"href":"https:\/\/telematch.ca\/fr\/wp-json\/wp\/v2\/media?parent=1095"}],"curies":[{"name":"wp","href":"https:\/\/api.w.org\/{rel}","templated":true}]}}