{"id":1093,"date":"2025-04-28T16:24:21","date_gmt":"2025-04-28T20:24:21","guid":{"rendered":"https:\/\/telematch.ca\/?page_id=1093"},"modified":"2025-07-21T13:50:41","modified_gmt":"2025-07-21T17:50:41","slug":"free-trial","status":"publish","type":"page","link":"https:\/\/telematch.ca\/fr\/free-trial\/","title":{"rendered":"Essai gratuit"},"content":{"rendered":"<div class=\"wp-block-cover alignfull has-custom-content-position is-position-top-center my-cover-block\" style=\"min-height:525px;aspect-ratio:unset;\"><img loading=\"lazy\" decoding=\"async\" width=\"1600\" height=\"650\" sizes=\"auto, (max-width: 799px) 200vw, (max-width: 1600px) 100vw, 1600px\" class=\"wp-block-cover__image-background wp-image-2097 size-full\" alt=\"\" src=\"https:\/\/telematch.ca\/wp-content\/uploads\/2025\/07\/TeleMatch-Main-Alt1.jpg\" style=\"object-position:25% 38%\" data-object-fit=\"cover\" data-object-position=\"25% 38%\" srcset=\"https:\/\/telematch.ca\/wp-content\/uploads\/2025\/07\/TeleMatch-Main-Alt1.jpg 1600w, https:\/\/telematch.ca\/wp-content\/uploads\/2025\/07\/TeleMatch-Main-Alt1-300x122.jpg 300w, https:\/\/telematch.ca\/wp-content\/uploads\/2025\/07\/TeleMatch-Main-Alt1-1024x416.jpg 1024w, https:\/\/telematch.ca\/wp-content\/uploads\/2025\/07\/TeleMatch-Main-Alt1-768x312.jpg 768w, https:\/\/telematch.ca\/wp-content\/uploads\/2025\/07\/TeleMatch-Main-Alt1-1536x624.jpg 1536w\" \/><span aria-hidden=\"true\" class=\"wp-block-cover__background has-background-dim-0 has-background-dim\" style=\"background-color:#46454b\"><\/span><div class=\"wp-block-cover__inner-container has-global-padding is-layout-constrained wp-block-cover-is-layout-constrained\">\n<div class=\"wp-block-group alignwide has-global-padding is-content-justification-right is-layout-constrained wp-container-core-group-is-layout-b0de72d8 wp-block-group-is-layout-constrained\" style=\"margin-top:var(--wp--preset--spacing--50);margin-bottom:0\">\n<div class=\"wp-block-group has-global-padding is-content-justification-right is-layout-constrained wp-container-core-group-is-layout-adaf2a9a wp-block-group-is-layout-constrained\" style=\"padding-top:0;padding-right:0;padding-bottom:0;padding-left:0\">\n<h2 class=\"wp-block-heading has-xx-large-font-size\"><strong>T\u00e9l\u00e9match<\/strong><\/h2>\n\n\n\n<p class=\"has-large-font-size\" style=\"margin-top:0;margin-bottom:0;padding-top:0;padding-bottom:0\">Entrez en contact avec de vrais c\u00e9libataires.<\/p>\n\n\n\n<div class=\"wp-block-group has-global-padding is-layout-constrained wp-container-core-group-is-layout-fb4bd96d wp-block-group-is-layout-constrained\" style=\"margin-top:var(--wp--preset--spacing--30);margin-bottom:var(--wp--preset--spacing--30);padding-top:0;padding-bottom:0\">\n<div class=\"wp-block-group has-x-large-font-size is-nowrap is-layout-flex wp-container-core-group-is-layout-6c531013 wp-block-group-is-layout-flex\" style=\"font-style:normal;font-weight:700\">\n<p class=\"my-paragraph\" style=\"line-height: 1.1; margin: 0;\">\n  Discutez en direct maintenant - \n  <span class=\"mobile-break\"><\/span>\n  <span style=\"color: #d8b4fe;\">ESSAYEZ-LE GRATUITEMENT!<\/span>\n<\/p>\n<\/div>\n\n\n\n<div class=\"wp-block-group has-x-large-font-size is-nowrap is-layout-flex wp-container-core-group-is-layout-879c0eda wp-block-group-is-layout-flex\" style=\"margin-top:0;margin-bottom:0;padding-top:0;padding-right:0;padding-bottom:0;padding-left:0\">\n<span style=\"display: inline-block; white-space: nowrap; ; line-height: 1.2; margin: 0;\">\n  Appeler \n  <span class=\"live-phone\" style=\"min-width: 50px; display: inline-block; font-weight: bold;\"><\/span>\n<\/span>\n<\/div>\n\n\n\n<div class=\"wp-block-group has-large-font-size is-nowrap is-layout-flex wp-container-core-group-is-layout-2945df10 wp-block-group-is-layout-flex\" style=\"margin-top:var(--wp--preset--spacing--20);margin-bottom:0\">\n<span class=\"my-paragraph\" \n style=\"white-space: nowrap;\">\n  Discutez avec des c\u00e9libataires \u00e0 \n  <span class=\"live-city\" style=\"min-width: 50px; display: inline-block; font-weight: bold;\"><\/span>\n<\/span>\n<\/div>\n\n\n\n<div class=\"wp-block-group has-small-font-size is-nowrap is-layout-flex wp-container-core-group-is-layout-e1411b87 wp-block-group-is-layout-flex\" style=\"margin-top:var(--wp--preset--spacing--30)\">\n<style>\n  @media (max-width: 480px) {\n    .location-wrapper {\n      flex-direction: column;\n      gap: 0;\n      align-items: flex-start !important;\n    }\n  }\n<\/style>\n\n<div class=\"location-wrapper\" style=\"display: flex; justify-content: space-between; align-items: center; gap: 20px;\">\n  <p style=\"margin: 0;\">\n    Ce n'est pas votre ville ?<br>\n    code pour obtenir votre num\u00e9ro.\n  <\/p>\n  <div>\n    \n        <div class=\"fmg-geo-location-app\"><\/div>\n        <div id=\"fmg-geo-modal-root\"><\/div>\n    \n  <\/div>\n<\/div>\n<\/div>\n<\/div>\n\n\n\n<p class=\"has-small-font-size\" style=\"margin-top:0;padding-top:0;padding-bottom:0\">Vous devez \u00eatre \u00e2g\u00e9 d'au moins 18 ans pour utiliser notre service.<\/p>\n<\/div>\n<\/div>\n<\/div><\/div>\n\n\n\n<div class=\"wp-block-group alignwide has-global-padding is-layout-constrained wp-block-group-is-layout-constrained tw-block-animation tw-animation-fade-in-up\">\n<h2 class=\"wp-block-heading alignwide has-x-large-font-size\" style=\"padding-top:var(--wp--preset--spacing--40);padding-bottom:var(--wp--preset--spacing--30);font-style:normal;font-weight:700\">Informations sur l&#039;essai gratuit du chat t\u00e9l\u00e9phonique<\/h2>\n\n\n\n<div class=\"wp-block-group alignwide is-vertical is-layout-flex wp-container-core-group-is-layout-fe9cc265 wp-block-group-is-layout-flex\">\n<p>Parfois, il faut le voir pour le croire. Sur Telematch, nous pensons que c&#039;est indispensable.\u00a0<strong>entendre<\/strong>\u00a0C&#039;est incroyable ! C&#039;est pourquoi nous offrons \u00e0 tous les hommes qui nous appellent pour la premi\u00e8re fois un essai gratuit. Vous b\u00e9n\u00e9ficierez d&#039;un acc\u00e8s complet \u00e0 toutes les fonctionnalit\u00e9s du chat t\u00e9l\u00e9phonique Telematch et\u00a0<em>amour<\/em>\u00a0rencontrer des tonnes de c\u00e9libataires locaux et sexy.<\/p>\n\n\n\n<p>Obtenir votre essai gratuit est tr\u00e8s simple. Il vous suffit d&#039;APPELER. Nous ajouterons automatiquement les minutes gratuites \u00e0 votre num\u00e9ro de t\u00e9l\u00e9phone et vous pourrez commencer \u00e0 utiliser Telematch. Suivez les instructions et cr\u00e9ez votre profil vocal, ou acc\u00e9dez directement au chat en direct pour voir qui est en ligne.<\/p>\n\n\n\n<p>Vous allez adorer essayer la fonction de messagerie vocale, mais nous pensons que vous allez\u00a0<em>vraiment<\/em>\u00a0J&#039;appr\u00e9cie particuli\u00e8rement les connexions vocales en direct. Votre essai gratuit sera directement associ\u00e9 au num\u00e9ro de t\u00e9l\u00e9phone depuis lequel vous appelez. N&#039;oubliez donc pas de toujours appeler Telematch depuis le m\u00eame t\u00e9l\u00e9phone pour continuer \u00e0 utiliser votre essai gratuit.<\/p>\n\n\n\n<p>Quelle que soit votre exp\u00e9rience de Telematch ou vos attentes, nous vous offrons un essai gratuit.\u00a0<em>que<\/em>\u00a0convaincu que vous allez l&#039;adorer.<\/p>\n<\/div>\n<\/div>","protected":false},"excerpt":{"rendered":"<p>Free Phone Chat Trial Information Sometimes, you\u2019ve got to see it to believe it. On Telematch, we believe you\u2019ve got to\u00a0hear\u00a0it to believe it! That\u2019s why we offer ALL first time male callers a free trial. You\u2019ll get an all-access pass to every Telematch phone chat line feature and will\u00a0love\u00a0meeting tons of hot, local singles. [&hellip;]<\/p>\n","protected":false},"author":1,"featured_media":0,"parent":0,"menu_order":0,"comment_status":"closed","ping_status":"closed","template":"page-no-title","meta":{"footnotes":""},"class_list":["post-1093","page","type-page","status-publish","hentry"],"_links":{"self":[{"href":"https:\/\/telematch.ca\/fr\/wp-json\/wp\/v2\/pages\/1093","targetHints":{"allow":["GET"]}}],"collection":[{"href":"https:\/\/telematch.ca\/fr\/wp-json\/wp\/v2\/pages"}],"about":[{"href":"https:\/\/telematch.ca\/fr\/wp-json\/wp\/v2\/types\/page"}],"author":[{"embeddable":true,"href":"https:\/\/telematch.ca\/fr\/wp-json\/wp\/v2\/users\/1"}],"replies":[{"embeddable":true,"href":"https:\/\/telematch.ca\/fr\/wp-json\/wp\/v2\/comments?post=1093"}],"version-history":[{"count":0,"href":"https:\/\/telematch.ca\/fr\/wp-json\/wp\/v2\/pages\/1093\/revisions"}],"wp:attachment":[{"href":"https:\/\/telematch.ca\/fr\/wp-json\/wp\/v2\/media?parent=1093"}],"curies":[{"name":"wp","href":"https:\/\/api.w.org\/{rel}","templated":true}]}}